{"id":979,"date":"2024-03-11T10:09:06","date_gmt":"2024-03-11T07:09:06","guid":{"rendered":"https:\/\/www.emyteknik.com\/?post_type=product&#038;p=979"},"modified":"2024-03-11T10:20:20","modified_gmt":"2024-03-11T07:20:20","slug":"kanz-drywall","status":"publish","type":"product","link":"https:\/\/www.emyteknik.com\/en\/product\/kanz-drywall\/","title":{"rendered":"KANZ DRYWALL"},"content":{"rendered":"<div style=\"overflow-x: auto;\">\n<table class=\"table table-borderless\">\n<thead>\n<tr>\n<th>Order Code<\/th>\n<th>Product Description<\/th>\n<th><strong>Product Code<\/strong><\/th>\n<th><strong>Specification<\/strong><\/th>\n<th><strong>Datasheet<\/strong><\/th>\n<th><strong>Ldt.<\/strong><\/th>\n<\/tr>\n<\/thead>\n<tbody>\n<tr>\n<th scope=\"row\"><\/th>\n<td>S\u0131va Alt\u0131 60x60cm 36W LED Armature<\/td>\n<td>A KNZ 036A 40OD00 3K6 6060 40<\/td>\n<td><\/td>\n<td><a href=\"https:\/\/emyteknik.com\/wp-content\/uploads\/2024\/01\/A-KNZ-036A-40OD00-3K6-6060-40.pdf\" target=\"_blank\" rel=\"noopener\">Datasheet<\/a><\/td>\n<td><\/td>\n<\/tr>\n<tr>\n<th scope=\"row\"><\/th>\n<td>S\u0131va Alt\u0131 60x60cm 36W LED Armature<\/td>\n<td>A KNZ 036C 40OD00 3K6 6060 40<\/td>\n<td><\/td>\n<td><a href=\"https:\/\/emyteknik.com\/wp-content\/uploads\/2024\/01\/A-KNZ-036C-40OD00-3K6-6060-40.pdf\" target=\"_blank\" rel=\"noopener\">Datasheet<\/a><\/td>\n<td><\/td>\n<\/tr>\n<tr>\n<th scope=\"row\"><\/th>\n<td>S\u0131va Alt\u0131 60x60cm 36W LED Armature<\/td>\n<td>A KNZ 036T 40OD00 3K6 6060 40<\/td>\n<td><\/td>\n<td><a href=\"https:\/\/emyteknik.com\/wp-content\/uploads\/2024\/01\/A-KNZ-036T-40OD00-3K6-6060-40.pdf\" target=\"_blank\" rel=\"noopener\">Datasheet<\/a><\/td>\n<td><\/td>\n<\/tr>\n<tr>\n<th scope=\"row\"><\/th>\n<td>S\u0131va \u00dcst\u00fc 60x60cm 36W LED Armature<\/td>\n<td>A KNZ 036U 40OD00 3K6 6060 40<\/td>\n<td><\/td>\n<td><a href=\"https:\/\/emyteknik.com\/wp-content\/uploads\/2024\/01\/A-KNZ-036U-40OD00-3K6-6060-40.pdf\" target=\"_blank\" rel=\"noopener\">Datasheet<\/a><\/td>\n<td><\/td>\n<\/tr>\n<tr>\n<th scope=\"row\"><\/th>\n<td>S\u0131va Alt\u0131 60x60cm 40W LED Armature<\/td>\n<td>A KNZ 040A 40OD00 4K0 6060 40<\/td>\n<td><\/td>\n<td><a href=\"https:\/\/emyteknik.com\/wp-content\/uploads\/2024\/01\/A-KNZ-040A-40OD00-4K0-6060-40.pdf\" target=\"_blank\" rel=\"noopener\">Datasheet<\/a><\/td>\n<td><\/td>\n<\/tr>\n<tr>\n<th scope=\"row\"><\/th>\n<td>S\u0131va Alt\u0131 60x60cm 40W LED Armature<\/td>\n<td>A KNZ 040C 40OD00 4K0 6060 40<\/td>\n<td><\/td>\n<td><a href=\"https:\/\/emyteknik.com\/wp-content\/uploads\/2024\/01\/A-KNZ-040C-40OD00-4K0-6060-40.pdf\" target=\"_blank\" rel=\"noopener\">Datasheet<\/a><\/td>\n<td><\/td>\n<\/tr>\n<tr>\n<th scope=\"row\"><\/th>\n<td>S\u0131va Alt\u0131 60x60cm 40W LED Armature<\/td>\n<td>A KNZ 040T 40OD00 4K0 6060 40<\/td>\n<td><\/td>\n<td><a href=\"https:\/\/emyteknik.com\/wp-content\/uploads\/2024\/01\/A-KNZ-040T-40OD00-4K0-6060-40.pdf\" target=\"_blank\" rel=\"noopener\">Datasheet<\/a><\/td>\n<td><\/td>\n<\/tr>\n<tr>\n<th scope=\"row\"><\/th>\n<td>S\u0131va \u00dcst\u00fc 60x60cm 40W LED Armature<\/td>\n<td>A KNZ 040U 40OD00 4K0 6060 40<\/td>\n<td><\/td>\n<td><a href=\"https:\/\/emyteknik.com\/wp-content\/uploads\/2024\/01\/A-KNZ-040U-40OD00-4K0-6060-40.pdf\" target=\"_blank\" rel=\"noopener\">Datasheet<\/a><\/td>\n<td><\/td>\n<\/tr>\n<tr>\n<th scope=\"row\"><\/th>\n<td>S\u0131va Alt\u0131 60x60cm 45W LED Armature<\/td>\n<td>A KNZ 045A 40OD00 4K5 6060 40<\/td>\n<td><\/td>\n<td><a href=\"https:\/\/emyteknik.com\/wp-content\/uploads\/2024\/01\/A-KNZ-045A-40OD00-4K5-6060-40.pdf\" target=\"_blank\" rel=\"noopener\">Datasheet<\/a><\/td>\n<td><\/td>\n<\/tr>\n<tr>\n<th scope=\"row\"><\/th>\n<td>S\u0131va Alt\u0131 60x60cm 45W LED Armature<\/td>\n<td>A KNZ 045C 40OD00 4K5 6060 40<\/td>\n<td><\/td>\n<td><a href=\"https:\/\/emyteknik.com\/wp-content\/uploads\/2024\/01\/A-KNZ-045C-40OD00-4K5-6060-40.pdf\" target=\"_blank\" rel=\"noopener\">Datasheet<\/a><\/td>\n<td><\/td>\n<\/tr>\n<tr>\n<th scope=\"row\"><\/th>\n<td>S\u0131va Alt\u0131 60x60cm 45W LED Armature<\/td>\n<td>A KNZ 045T 40OD00 4K5 6060 40<\/td>\n<td><\/td>\n<td><a href=\"https:\/\/emyteknik.com\/wp-content\/uploads\/2024\/01\/A-KNZ-045T-40OD00-4K5-6060-40.pdf\" target=\"_blank\" rel=\"noopener\">Datasheet<\/a><\/td>\n<td><\/td>\n<\/tr>\n<tr>\n<th scope=\"row\"><\/th>\n<td>S\u0131va \u00dcst\u00fc 60x60cm 45W LED Armature<\/td>\n<td>A KNZ 045U 40OD00 4K5 6060 40<\/td>\n<td><\/td>\n<td><a href=\"https:\/\/emyteknik.com\/wp-content\/uploads\/2024\/01\/A-KNZ-045U-40OD00-4K5-6060-40.pdf\" target=\"_blank\" rel=\"noopener\">Datasheet<\/a><\/td>\n<td><\/td>\n<\/tr>\n<\/tbody>\n<\/table>\n<\/div>","protected":false},"excerpt":{"rendered":"<p><strong>KANZ DRYWALL<\/strong><\/p>\n<div class=\"col-lg-6 col-md-6 col-xs-12 fiyat-row adet-hiza urun-detay-sepet-button\" style=\"margin-bottom: 0px;\">\n<div class=\"urun-butons\"><a class=\"urun-detay-butons\" style=\"width: 97%;\" href=\"tel:+90 505 604 16 83\"><br \/>\n<i class=\"fa fa-phone\"><\/i> CLICK AND CALL<br \/>\n<\/a><\/div>\n<\/div>","protected":false},"featured_media":586,"comment_status":"closed","ping_status":"closed","template":"","meta":[],"product_cat":[78],"product_tag":[],"class_list":["post-979","product","type-product","status-publish","has-post-thumbnail","hentry","product_cat-siva-alti-en"],"_links":{"self":[{"href":"https:\/\/www.emyteknik.com\/en\/wp-json\/wp\/v2\/product\/979","targetHints":{"allow":["GET"]}}],"collection":[{"href":"https:\/\/www.emyteknik.com\/en\/wp-json\/wp\/v2\/product"}],"about":[{"href":"https:\/\/www.emyteknik.com\/en\/wp-json\/wp\/v2\/types\/product"}],"replies":[{"embeddable":true,"href":"https:\/\/www.emyteknik.com\/en\/wp-json\/wp\/v2\/comments?post=979"}],"wp:featuredmedia":[{"embeddable":true,"href":"https:\/\/www.emyteknik.com\/en\/wp-json\/wp\/v2\/media\/586"}],"wp:attachment":[{"href":"https:\/\/www.emyteknik.com\/en\/wp-json\/wp\/v2\/media?parent=979"}],"wp:term":[{"taxonomy":"product_cat","embeddable":true,"href":"https:\/\/www.emyteknik.com\/en\/wp-json\/wp\/v2\/product_cat?post=979"},{"taxonomy":"product_tag","embeddable":true,"href":"https:\/\/www.emyteknik.com\/en\/wp-json\/wp\/v2\/product_tag?post=979"}],"curies":[{"name":"wp","href":"https:\/\/api.w.org\/{rel}","templated":true}]}}