{"id":838,"date":"2024-02-16T15:52:00","date_gmt":"2024-02-16T12:52:00","guid":{"rendered":"https:\/\/www.emyteknik.com\/?post_type=product&#038;p=838"},"modified":"2024-08-26T14:52:18","modified_gmt":"2024-08-26T11:52:18","slug":"magnet-ray-spot","status":"publish","type":"product","link":"https:\/\/www.emyteknik.com\/en\/product\/magnet-ray-spot\/","title":{"rendered":"MAGNET RAY SPOT"},"content":{"rendered":"<div style=\"overflow-x: auto;\">\n<table class=\"table table-borderless\">\n<thead>\n<tr>\n<th><strong>Sipari\u015f Kodu<\/strong><\/th>\n<th><strong>\u00dcr\u00fcn A\u00e7\u0131klamas\u0131<\/strong><\/th>\n<th><strong>\u00dcr\u00fcn Kodu<\/strong><\/th>\n<th><strong>\u015eartname<\/strong><\/th>\n<th><strong>Datasheet<\/strong><\/th>\n<th><strong>Ldt.<\/strong><\/th>\n<\/tr>\n<\/thead>\n<tbody>\n<tr>\n<th scope=\"row\"><\/th>\n<td>MAGNET 5W RAY L\u0130NEER 5L\u0130 DERECEL\u0130 SPOT<\/td>\n<td>A MLS 005R 40OA 00 710 147 20<\/td>\n<td><\/td>\n<td><a href=\"https:\/\/www.emyteknik.com\/wp-content\/uploads\/2024\/02\/A-MLS-005R-40OA-00-710-147-20.pdf\" target=\"_blank\" rel=\"noopener\">Datasheet<\/a><\/td>\n<td><\/td>\n<\/tr>\n<tr>\n<th scope=\"row\"><\/th>\n<td>MAGNET 5W RAY L\u0130NEER OPAL DERECEL\u0130 SPOT<\/td>\n<td>A MLS 005R 40OD00 575 142 20<\/td>\n<td><\/td>\n<td><a href=\"https:\/\/www.emyteknik.com\/wp-content\/uploads\/2024\/02\/A-MLS-005R-40OD00-575-142-20.pdf\" target=\"_blank\" rel=\"noopener\">Datasheet<\/a><\/td>\n<td><\/td>\n<\/tr>\n<tr>\n<th scope=\"row\"><\/th>\n<td>MAGNET 5W RAY L\u0130NEER OPAL SPOT 137mm<\/td>\n<td>A MLS-D 005R 40OD 00 575 137 20<\/td>\n<td><\/td>\n<td><a href=\"https:\/\/www.emyteknik.com\/wp-content\/uploads\/2024\/02\/A-MLS-D-005R-40OD-00-575-137-20.pdf\" target=\"_blank\" rel=\"noopener\">Datasheet<\/a><\/td>\n<td><\/td>\n<\/tr>\n<tr>\n<th scope=\"row\"><\/th>\n<td>MAGNET 10W RAY L\u0130NEER OPAL SPOT 267mm<\/td>\n<td>A MLS-D 010R 40OD 00 1K1 267 20<\/td>\n<td><\/td>\n<td><a href=\"https:\/\/www.emyteknik.com\/wp-content\/uploads\/2024\/02\/A-MLS-D-010R-40OD-00-1K1-267-20.pdf\" target=\"_blank\" rel=\"noopener\">Datasheet<\/a><\/td>\n<td><\/td>\n<\/tr>\n<tr>\n<th scope=\"row\"><\/th>\n<td>MAGNET 15W RAY L\u0130NEER OPAL SPOT 402mm<\/td>\n<td>A MLS-D 015R 40OD 00 1K7 402 20<\/td>\n<td><\/td>\n<td><a href=\"https:\/\/www.emyteknik.com\/wp-content\/uploads\/2024\/08\/A-MLS-D-015R-40OD-00-1K7-402-20.pdf\" target=\"_blank\" rel=\"noopener\">Datasheet<\/a><\/td>\n<td><\/td>\n<\/tr>\n<tr>\n<th scope=\"row\"><\/th>\n<td>MAGNET 5W RAY L\u0130NEER 5L\u0130\u00a0 SPOT 137mm<\/td>\n<td>A MLS-R 005R 40OA 00 710 137 20<\/td>\n<td><\/td>\n<td><a href=\"https:\/\/www.emyteknik.com\/wp-content\/uploads\/2024\/08\/A-MLS-R-005R-40OA-00-710-137-20.pdf\" target=\"_blank\" rel=\"noopener\">Datasheet<\/a><\/td>\n<td><\/td>\n<\/tr>\n<tr>\n<th scope=\"row\"><\/th>\n<td>MAGNET 10W RAY L\u0130NEER 10L\u0130\u00a0 SPOT 267mm<\/td>\n<td>A MLS-R 010R 40OA 00 1K4 267 20<\/td>\n<td><\/td>\n<td><a href=\"https:\/\/www.emyteknik.com\/wp-content\/uploads\/2024\/08\/A-MLS-R-010R-40OA-00-1K4-267-20.pdf\" target=\"_blank\" rel=\"noopener\">Datasheet<\/a><\/td>\n<td><\/td>\n<\/tr>\n<tr>\n<th scope=\"row\"><\/th>\n<td>MAGNET 15W RAY L\u0130NEER 15L\u0130\u00a0 SPOT 402mm<\/td>\n<td>A MLS-R 015R 40OA 00 2K1 402 20<\/td>\n<td><\/td>\n<td><a href=\"https:\/\/www.emyteknik.com\/wp-content\/uploads\/2024\/07\/A-MLS-R-015R-40OA-00-2K1-402-20.pdf\" target=\"_blank\" rel=\"noopener\">Datasheet<\/a><\/td>\n<td><\/td>\n<\/tr>\n<tr>\n<th scope=\"row\"><\/th>\n<td>MAGNET 9W RAY SPOT<\/td>\n<td>A MLS-SP 009R 40OD 00 1K2 45 20<\/td>\n<td><\/td>\n<td><a href=\"https:\/\/www.emyteknik.com\/wp-content\/uploads\/2024\/02\/A-MLS-SP-009R-40OD-00-1K2-45-20.pdf\" target=\"_blank\" rel=\"noopener\">Datasheet<\/a><\/td>\n<td><\/td>\n<\/tr>\n<tr>\n<th scope=\"row\"><\/th>\n<td>MAGNET 15W RAY\u00a0 SARKIT SPOT<\/td>\n<td>A MLS-SR 015R 40OA 00 426 36&#215;36 20<\/td>\n<td><\/td>\n<td><a href=\"https:\/\/www.emyteknik.com\/wp-content\/uploads\/2024\/02\/A-MLS-SR-015R-40OA-00-426-36x36-20.pdf\" target=\"_blank\" rel=\"noopener\">Datasheet<\/a><\/td>\n<td><\/td>\n<\/tr>\n<tr>\n<th scope=\"row\"><\/th>\n<td>SIVA ALTI MAGNET RAY<\/td>\n<td>A MLS MAGNET RAY SIVA ALTI 250 20<\/td>\n<td><\/td>\n<td><a href=\"https:\/\/www.emyteknik.com\/wp-content\/uploads\/2024\/02\/A-MLS-MAGNET-RAY-SIVA-ALTI-250-20.pdf\" target=\"_blank\" rel=\"noopener\">Datasheet<\/a><\/td>\n<td><\/td>\n<\/tr>\n<tr>\n<th scope=\"row\"><\/th>\n<td>SIVA \u00dcST\u00dc MAGNET RAY<\/td>\n<td>A MLS MAGNET RAY SIVA \u00dcST\u00dc 250 20<\/td>\n<td><\/td>\n<td><a href=\"https:\/\/www.emyteknik.com\/wp-content\/uploads\/2024\/02\/A-MLS-MAGNET-RAY-SIVA-USTU-250-20.pdf\" target=\"_blank\" rel=\"noopener\">Datasheet<\/a><\/td>\n<td><\/td>\n<\/tr>\n<tr>\n<th scope=\"row\"><\/th>\n<td>SIVA SARKIT MAGNET RAY<\/td>\n<td>A MLS MAGNET RAY SARKIT 250 20<\/td>\n<td><\/td>\n<td><a href=\"https:\/\/www.emyteknik.com\/wp-content\/uploads\/2024\/02\/A-MLS-MAGNET-RAY-SARKIT-250-20.pdf\" target=\"_blank\" rel=\"noopener\">Datasheet<\/a><\/td>\n<td><\/td>\n<\/tr>\n<\/tbody>\n<\/table>\n<\/div>","protected":false},"excerpt":{"rendered":"<p>MAGNET RAY SPOT<\/p>\n<div class=\"col-lg-6 col-md-6 col-xs-12 fiyat-row adet-hiza urun-detay-sepet-button\" style=\"margin-bottom: 0px;\">\n<div class=\"urun-butons\"><a class=\"urun-detay-butons\" style=\"width: 97%;\" href=\"tel:+90 505 604 16 83\"><br \/>\n<i class=\"fa fa-phone\"><\/i> TIKLA ARA<br \/>\n<\/a><\/div>\n<\/div>","protected":false},"featured_media":852,"comment_status":"closed","ping_status":"closed","template":"","meta":[],"product_cat":[28],"product_tag":[],"class_list":["post-838","product","type-product","status-publish","has-post-thumbnail","hentry","product_cat-ray-spot1"],"_links":{"self":[{"href":"https:\/\/www.emyteknik.com\/en\/wp-json\/wp\/v2\/product\/838","targetHints":{"allow":["GET"]}}],"collection":[{"href":"https:\/\/www.emyteknik.com\/en\/wp-json\/wp\/v2\/product"}],"about":[{"href":"https:\/\/www.emyteknik.com\/en\/wp-json\/wp\/v2\/types\/product"}],"replies":[{"embeddable":true,"href":"https:\/\/www.emyteknik.com\/en\/wp-json\/wp\/v2\/comments?post=838"}],"wp:featuredmedia":[{"embeddable":true,"href":"https:\/\/www.emyteknik.com\/en\/wp-json\/wp\/v2\/media\/852"}],"wp:attachment":[{"href":"https:\/\/www.emyteknik.com\/en\/wp-json\/wp\/v2\/media?parent=838"}],"wp:term":[{"taxonomy":"product_cat","embeddable":true,"href":"https:\/\/www.emyteknik.com\/en\/wp-json\/wp\/v2\/product_cat?post=838"},{"taxonomy":"product_tag","embeddable":true,"href":"https:\/\/www.emyteknik.com\/en\/wp-json\/wp\/v2\/product_tag?post=838"}],"curies":[{"name":"wp","href":"https:\/\/api.w.org\/{rel}","templated":true}]}}