{"id":735,"date":"2024-01-12T15:47:48","date_gmt":"2024-01-12T12:47:48","guid":{"rendered":"https:\/\/www.emyteknik.com\/?post_type=product&#038;p=735"},"modified":"2024-02-16T15:51:33","modified_gmt":"2024-02-16T12:51:33","slug":"glop-armatur","status":"publish","type":"product","link":"https:\/\/www.emyteknik.com\/en\/product\/glop-armatur\/","title":{"rendered":"GLOP ARMAT\u00dcR"},"content":{"rendered":"<div style=\"overflow-x: auto;\">\n<table class=\"table table-borderless\">\n<thead>\n<tr>\n<th><strong>Sipari\u015f Kodu<\/strong><\/th>\n<th><strong>\u00dcr\u00fcn A\u00e7\u0131klamas\u0131<\/strong><\/th>\n<th><strong>\u00dcr\u00fcn Kodu<\/strong><\/th>\n<th><strong>\u015eartname<\/strong><\/th>\n<th><strong>Datasheet<\/strong><\/th>\n<th><strong>Ldt.<\/strong><\/th>\n<\/tr>\n<\/thead>\n<tbody>\n<tr>\n<th scope=\"row\"><\/th>\n<td>GLP 18W<\/td>\n<td>A GLP 018U 40OD00 110 1K8 30 65<\/td>\n<td><\/td>\n<td><a href=\"https:\/\/www.emyteknik.com\/wp-content\/uploads\/2024\/01\/A-GLP-018U-40OD00-110-1K8-30-65.pdf\" target=\"_blank\" rel=\"noopener\">Datasheet<\/a><\/td>\n<td><\/td>\n<\/tr>\n<tr>\n<th scope=\"row\"><\/th>\n<td>GLP 18W 1H<\/td>\n<td>A GLP 018U 40OD01 110 1K8 30 65<\/td>\n<td><\/td>\n<td><a href=\"https:\/\/www.emyteknik.com\/wp-content\/uploads\/2024\/01\/A-GLP-018U-40OD01-110-1K8-30-65.pdf\" target=\"_blank\" rel=\"noopener\">Datasheet<\/a><\/td>\n<td><\/td>\n<\/tr>\n<tr>\n<th scope=\"row\"><\/th>\n<td>GLP 18W 3H<\/td>\n<td>A GLP 018U 40OD02 110 1K8 30 65<\/td>\n<td><\/td>\n<td><a href=\"https:\/\/www.emyteknik.com\/wp-content\/uploads\/2024\/01\/A-GLP-018U-40OD02-110-1K8-30-65.pdf\" target=\"_blank\" rel=\"noopener\">Datasheet<\/a><\/td>\n<td><\/td>\n<\/tr>\n<tr>\n<th scope=\"row\"><\/th>\n<td>GLP 18W SENS\u00d6R<\/td>\n<td>A GLP 018U 40OD09 110 1K8 30 65<\/td>\n<td><\/td>\n<td><a href=\"https:\/\/www.emyteknik.com\/wp-content\/uploads\/2024\/01\/A-GLP-018U-40OD09-110-1K8-30-65-65.pdf\" target=\"_blank\" rel=\"noopener\">Datasheet<\/a><\/td>\n<td><\/td>\n<\/tr>\n<tr>\n<th scope=\"row\"><\/th>\n<td>GLP 18W SENS\u00d6R + 3H<\/td>\n<td>A GLP 018U 40OD11 110 1K8 30\u00a0 65<\/td>\n<td><\/td>\n<td><a href=\"https:\/\/www.emyteknik.com\/wp-content\/uploads\/2024\/01\/A-GLP-018U-40OD11-110-1K8-30-65.pdf\" target=\"_blank\" rel=\"noopener\">Datasheet<\/a><\/td>\n<td><\/td>\n<\/tr>\n<\/tbody>\n<\/table>\n<\/div>","protected":false},"excerpt":{"rendered":"<p><strong>GLOP ARMAT\u00dcR<\/strong><\/p>\n<div class=\"col-lg-6 col-md-6 col-xs-12 fiyat-row adet-hiza urun-detay-sepet-button\" style=\"margin-bottom: 0px;\">\n<div class=\"urun-butons\"><a class=\"urun-detay-butons\" style=\"width: 97%;\" href=\"tel:+90 505 604 16 83\"><br \/>\n<i class=\"fa fa-phone\"><\/i> TIKLA ARA<br \/>\n<\/a><\/div>\n<\/div>","protected":false},"featured_media":736,"comment_status":"closed","ping_status":"closed","template":"","meta":[],"product_cat":[26],"product_tag":[],"class_list":["post-735","product","type-product","status-publish","has-post-thumbnail","hentry","product_cat-siva-ustu-sarkit1"],"_links":{"self":[{"href":"https:\/\/www.emyteknik.com\/en\/wp-json\/wp\/v2\/product\/735","targetHints":{"allow":["GET"]}}],"collection":[{"href":"https:\/\/www.emyteknik.com\/en\/wp-json\/wp\/v2\/product"}],"about":[{"href":"https:\/\/www.emyteknik.com\/en\/wp-json\/wp\/v2\/types\/product"}],"replies":[{"embeddable":true,"href":"https:\/\/www.emyteknik.com\/en\/wp-json\/wp\/v2\/comments?post=735"}],"wp:featuredmedia":[{"embeddable":true,"href":"https:\/\/www.emyteknik.com\/en\/wp-json\/wp\/v2\/media\/736"}],"wp:attachment":[{"href":"https:\/\/www.emyteknik.com\/en\/wp-json\/wp\/v2\/media?parent=735"}],"wp:term":[{"taxonomy":"product_cat","embeddable":true,"href":"https:\/\/www.emyteknik.com\/en\/wp-json\/wp\/v2\/product_cat?post=735"},{"taxonomy":"product_tag","embeddable":true,"href":"https:\/\/www.emyteknik.com\/en\/wp-json\/wp\/v2\/product_tag?post=735"}],"curies":[{"name":"wp","href":"https:\/\/api.w.org\/{rel}","templated":true}]}}