{"id":716,"date":"2024-01-10T13:47:34","date_gmt":"2024-01-10T10:47:34","guid":{"rendered":"https:\/\/emyteknik.com\/?post_type=product&#038;p=716"},"modified":"2025-03-20T12:02:23","modified_gmt":"2025-03-20T09:02:23","slug":"tky","status":"publish","type":"product","link":"https:\/\/www.emyteknik.com\/en\/product\/tky\/","title":{"rendered":"TKY-240W-400W-500W"},"content":{"rendered":"<div style=\"overflow-x: auto;\">\n<table class=\"table table-borderless\">\n<thead>\n<tr>\n<th><strong>Sipari\u015f Kodu<\/strong><\/th>\n<th><strong>\u00dcr\u00fcn A\u00e7\u0131klamas\u0131<\/strong><\/th>\n<th><strong>\u00dcr\u00fcn Kodu<\/strong><\/th>\n<th><strong>\u015eartname<\/strong><\/th>\n<th><strong>Datasheet<\/strong><\/th>\n<th><strong>Ldt.<\/strong><\/th>\n<\/tr>\n<\/thead>\n<tbody>\n<tr>\n<th scope=\"row\"><\/th>\n<td>TKY 240W PROJEKT\u00d6R<\/td>\n<td>A TKY 240D 40CM00 AS 33K6 507 66<\/td>\n<td><\/td>\n<td><a href=\"https:\/\/www.emyteknik.com\/wp-content\/uploads\/2025\/03\/A-TKY-240D-40CM00-AS-33K6-507-66.pdf\" target=\"_blank\" rel=\"noopener\">Datasheet<\/a><\/td>\n<td><\/td>\n<\/tr>\n<tr>\n<th scope=\"row\"><\/th>\n<td>TKY 400W PROJEKT\u00d6R<\/td>\n<td>A TKY 400D 40CM00 46 52K0 554 66<\/td>\n<td><\/td>\n<td><a href=\"https:\/\/emyteknik.com\/wp-content\/uploads\/2024\/01\/A-TKY-400D-40CM00-46-52K0-554-66.pdf\" target=\"_blank\" rel=\"noopener\">Datasheet<\/a><\/td>\n<td><\/td>\n<\/tr>\n<tr>\n<th scope=\"row\"><\/th>\n<td>TKY 500W PROJEKT\u00d6R<\/td>\n<td>A TKY 500D 40CM00 AS 60K0 554 66<\/td>\n<td><\/td>\n<td><a href=\"https:\/\/www.emyteknik.com\/wp-content\/uploads\/2024\/08\/A-TKY-500D-40CM00-AS-60K0-554-66.pdf\" target=\"_blank\" rel=\"noopener\">Datasheet<\/a><\/td>\n<td><\/td>\n<\/tr>\n<\/tbody>\n<\/table>\n<\/div>","protected":false},"excerpt":{"rendered":"<p><strong>TKY<\/strong><\/p>\n<div class=\"col-lg-6 col-md-6 col-xs-12 fiyat-row adet-hiza urun-detay-sepet-button\" style=\"margin-bottom: 0px;\">\n<div class=\"urun-butons\"><a class=\"urun-detay-butons\" style=\"width: 97%;\" href=\"tel:+90 505 604 16 83\"><br \/>\n<i class=\"fa fa-phone\"><\/i> TIKLA ARA<br \/>\n<\/a><\/div>\n<\/div>","protected":false},"featured_media":720,"comment_status":"closed","ping_status":"closed","template":"","meta":[],"product_cat":[41],"product_tag":[],"class_list":["post-716","product","type-product","status-publish","has-post-thumbnail","hentry","product_cat-projektorler1"],"_links":{"self":[{"href":"https:\/\/www.emyteknik.com\/en\/wp-json\/wp\/v2\/product\/716","targetHints":{"allow":["GET"]}}],"collection":[{"href":"https:\/\/www.emyteknik.com\/en\/wp-json\/wp\/v2\/product"}],"about":[{"href":"https:\/\/www.emyteknik.com\/en\/wp-json\/wp\/v2\/types\/product"}],"replies":[{"embeddable":true,"href":"https:\/\/www.emyteknik.com\/en\/wp-json\/wp\/v2\/comments?post=716"}],"wp:featuredmedia":[{"embeddable":true,"href":"https:\/\/www.emyteknik.com\/en\/wp-json\/wp\/v2\/media\/720"}],"wp:attachment":[{"href":"https:\/\/www.emyteknik.com\/en\/wp-json\/wp\/v2\/media?parent=716"}],"wp:term":[{"taxonomy":"product_cat","embeddable":true,"href":"https:\/\/www.emyteknik.com\/en\/wp-json\/wp\/v2\/product_cat?post=716"},{"taxonomy":"product_tag","embeddable":true,"href":"https:\/\/www.emyteknik.com\/en\/wp-json\/wp\/v2\/product_tag?post=716"}],"curies":[{"name":"wp","href":"https:\/\/api.w.org\/{rel}","templated":true}]}}