{"id":699,"date":"2024-01-10T13:42:16","date_gmt":"2024-01-10T10:42:16","guid":{"rendered":"https:\/\/emyteknik.com\/?post_type=product&#038;p=699"},"modified":"2024-11-11T13:04:20","modified_gmt":"2024-11-11T10:04:20","slug":"nra","status":"publish","type":"product","link":"https:\/\/www.emyteknik.com\/en\/product\/nra\/","title":{"rendered":"NRA-60W-75W-100W-125W-150W"},"content":{"rendered":"<div style=\"overflow-x: auto;\">\n<table class=\"table table-borderless\">\n<thead>\n<tr>\n<th><strong>Sipari\u015f Kodu<\/strong><\/th>\n<th><strong>\u00dcr\u00fcn A\u00e7\u0131klamas\u0131<\/strong><\/th>\n<th><strong>\u00dcr\u00fcn Kodu<\/strong><\/th>\n<th><strong>\u015eartname<\/strong><\/th>\n<th><strong>Datasheet<\/strong><\/th>\n<th><strong>Ldt.<\/strong><\/th>\n<\/tr>\n<\/thead>\n<tbody>\n<tr>\n<th scope=\"row\"><\/th>\n<td>NRA 60W D\u0131\u015f Ortam \u00c7evre, Yol, Park ve Bah\u00e7e<br \/>\nAyd\u0131nlatma armat\u00fcr\u00fc<\/td>\n<td>A NRA 060D 40PD00 90 9K0 438 66<\/td>\n<td><\/td>\n<td><a href=\"https:\/\/www.emyteknik.com\/wp-content\/uploads\/2024\/11\/A-NRA-060D-40PD00-90-9K0-438-66.pdf\" target=\"_blank\" rel=\"noopener\">Datasheet<\/a><\/td>\n<td><\/td>\n<\/tr>\n<tr>\n<th scope=\"row\"><\/th>\n<td>NRA 75W D\u0131\u015f Ortam \u00c7evre, Yol, Park ve Bah\u00e7e<br \/>\nAyd\u0131nlatma armat\u00fcr\u00fc<\/td>\n<td>A NRA 075D 40PD00 90 11K2 438 66<\/td>\n<td><\/td>\n<td><a href=\"https:\/\/www.emyteknik.com\/wp-content\/uploads\/2024\/11\/A-NRA-075D-40PD00-90-11K2-438-66.pdf\" target=\"_blank\" rel=\"noopener\">Datasheet<\/a><\/td>\n<td><\/td>\n<\/tr>\n<tr>\n<th scope=\"row\"><\/th>\n<td>NRA 100W D\u0131\u015f Ortam \u00c7evre, Yol, Park ve Bah\u00e7e<br \/>\nAyd\u0131nlatma armat\u00fcr\u00fc<\/td>\n<td>AA NRA 100D 40PD00 90 15K0 438 66<\/td>\n<td><\/td>\n<td><a href=\"https:\/\/www.emyteknik.com\/wp-content\/uploads\/2024\/11\/A-NRA-100D-40PD00-90-15K0-438-66.pdf\" target=\"_blank\" rel=\"noopener\">Datasheet<\/a><\/td>\n<td><\/td>\n<\/tr>\n<tr>\n<th scope=\"row\"><\/th>\n<td>NRA 125W D\u0131\u015f Ortam \u00c7evre, Yol, Park ve Bah\u00e7e<br \/>\nAyd\u0131nlatma armat\u00fcr\u00fc<\/td>\n<td>A NRA 125D 40PD00 90 18K7 438 66<\/td>\n<td><\/td>\n<td><a href=\"https:\/\/www.emyteknik.com\/wp-content\/uploads\/2024\/11\/A-NRA-125D-40PD00-90-18K7-438-66.pdf\" target=\"_blank\" rel=\"noopener\">Datasheet<\/a><\/td>\n<td><\/td>\n<\/tr>\n<tr>\n<th scope=\"row\"><\/th>\n<td>NRA 150W D\u0131\u015f Ortam \u00c7evre, Yol, Park ve Bah\u00e7e<br \/>\nAyd\u0131nlatma armat\u00fcr\u00fc<\/td>\n<td>A NRA 150D 40PD00 90 22K5 438 66<\/td>\n<td><\/td>\n<td><a href=\"https:\/\/www.emyteknik.com\/wp-content\/uploads\/2024\/11\/A-NRA-150D-40PD00-90-22K5-438-66.pdf\" target=\"_blank\" rel=\"noopener\">Datasheet<\/a><\/td>\n<td><\/td>\n<\/tr>\n<\/tbody>\n<\/table>\n<\/div>","protected":false},"excerpt":{"rendered":"<p><strong>NRA<\/strong><\/p>\n<div class=\"col-lg-6 col-md-6 col-xs-12 fiyat-row adet-hiza urun-detay-sepet-button\" style=\"margin-bottom: 0px;\">\n<div class=\"urun-butons\"><a class=\"urun-detay-butons\" style=\"width: 97%;\" href=\"tel:+90 505 604 16 83\"><br \/>\n<i class=\"fa fa-phone\"><\/i> TIKLA ARA<br \/>\n<\/a><\/div>\n<\/div>","protected":false},"featured_media":705,"comment_status":"closed","ping_status":"closed","template":"","meta":[],"product_cat":[42],"product_tag":[],"class_list":["post-699","product","type-product","status-publish","has-post-thumbnail","hentry","product_cat-yol-cevre-aydinlatma"],"_links":{"self":[{"href":"https:\/\/www.emyteknik.com\/en\/wp-json\/wp\/v2\/product\/699","targetHints":{"allow":["GET"]}}],"collection":[{"href":"https:\/\/www.emyteknik.com\/en\/wp-json\/wp\/v2\/product"}],"about":[{"href":"https:\/\/www.emyteknik.com\/en\/wp-json\/wp\/v2\/types\/product"}],"replies":[{"embeddable":true,"href":"https:\/\/www.emyteknik.com\/en\/wp-json\/wp\/v2\/comments?post=699"}],"wp:featuredmedia":[{"embeddable":true,"href":"https:\/\/www.emyteknik.com\/en\/wp-json\/wp\/v2\/media\/705"}],"wp:attachment":[{"href":"https:\/\/www.emyteknik.com\/en\/wp-json\/wp\/v2\/media?parent=699"}],"wp:term":[{"taxonomy":"product_cat","embeddable":true,"href":"https:\/\/www.emyteknik.com\/en\/wp-json\/wp\/v2\/product_cat?post=699"},{"taxonomy":"product_tag","embeddable":true,"href":"https:\/\/www.emyteknik.com\/en\/wp-json\/wp\/v2\/product_tag?post=699"}],"curies":[{"name":"wp","href":"https:\/\/api.w.org\/{rel}","templated":true}]}}