{"id":695,"date":"2024-01-10T13:45:10","date_gmt":"2024-01-10T10:45:10","guid":{"rendered":"https:\/\/emyteknik.com\/?post_type=product&#038;p=695"},"modified":"2025-03-20T11:51:26","modified_gmt":"2025-03-20T08:51:26","slug":"hre","status":"publish","type":"product","link":"https:\/\/www.emyteknik.com\/en\/product\/hre\/","title":{"rendered":"HRE-200W-240W"},"content":{"rendered":"<div style=\"overflow-x: auto;\">\n<p>&nbsp;<\/p>\n<table class=\"table table-borderless\">\n<thead>\n<tr>\n<th><strong>Sipari\u015f Kodu<\/strong><\/th>\n<th><strong>\u00dcr\u00fcn A\u00e7\u0131klamas\u0131<\/strong><\/th>\n<th><strong>\u00dcr\u00fcn Kodu<\/strong><\/th>\n<th><strong>\u015eartname<\/strong><\/th>\n<th><strong>Datasheet<\/strong><\/th>\n<th><strong>Ldt.<\/strong><\/th>\n<\/tr>\n<\/thead>\n<tbody>\n<tr>\n<th scope=\"row\"><\/th>\n<td>HRE 200W<\/td>\n<td>A HRE 200D 40PD00 90 26K0 793 66<\/td>\n<td><\/td>\n<td><a href=\"https:\/\/www.emyteknik.com\/wp-content\/uploads\/2024\/01\/A-HRE-200D-40PD00-90-26K0-793-66-1.pdf\" target=\"_blank\" rel=\"noopener\">Datasheet<\/a><\/td>\n<td><\/td>\n<\/tr>\n<tr>\n<th scope=\"row\"><\/th>\n<td>HRE 240W<\/td>\n<td>A HRE 240D 40PD00 90 33K6 793 66<\/td>\n<td><\/td>\n<td><a href=\"https:\/\/www.emyteknik.com\/wp-content\/uploads\/2025\/03\/A-HRE-240D-40PD00-90-33K6-793-66.pdf\" target=\"_blank\" rel=\"noopener\">Datasheet<\/a><\/td>\n<td><\/td>\n<\/tr>\n<\/tbody>\n<\/table>\n<\/div>","protected":false},"excerpt":{"rendered":"<p><strong>HRE<\/strong><\/p>\n<div class=\"col-lg-6 col-md-6 col-xs-12 fiyat-row adet-hiza urun-detay-sepet-button\" style=\"margin-bottom: 0px;\">\n<div class=\"urun-butons\"><a class=\"urun-detay-butons\" style=\"width: 97%;\" href=\"tel:+90 505 604 16 83\"><br \/>\n<i class=\"fa fa-phone\"><\/i> TIKLA ARA<br \/>\n<\/a><\/div>\n<\/div>","protected":false},"featured_media":698,"comment_status":"closed","ping_status":"closed","template":"","meta":[],"product_cat":[42],"product_tag":[],"class_list":["post-695","product","type-product","status-publish","has-post-thumbnail","hentry","product_cat-yol-cevre-aydinlatma"],"_links":{"self":[{"href":"https:\/\/www.emyteknik.com\/en\/wp-json\/wp\/v2\/product\/695","targetHints":{"allow":["GET"]}}],"collection":[{"href":"https:\/\/www.emyteknik.com\/en\/wp-json\/wp\/v2\/product"}],"about":[{"href":"https:\/\/www.emyteknik.com\/en\/wp-json\/wp\/v2\/types\/product"}],"replies":[{"embeddable":true,"href":"https:\/\/www.emyteknik.com\/en\/wp-json\/wp\/v2\/comments?post=695"}],"wp:featuredmedia":[{"embeddable":true,"href":"https:\/\/www.emyteknik.com\/en\/wp-json\/wp\/v2\/media\/698"}],"wp:attachment":[{"href":"https:\/\/www.emyteknik.com\/en\/wp-json\/wp\/v2\/media?parent=695"}],"wp:term":[{"taxonomy":"product_cat","embeddable":true,"href":"https:\/\/www.emyteknik.com\/en\/wp-json\/wp\/v2\/product_cat?post=695"},{"taxonomy":"product_tag","embeddable":true,"href":"https:\/\/www.emyteknik.com\/en\/wp-json\/wp\/v2\/product_tag?post=695"}],"curies":[{"name":"wp","href":"https:\/\/api.w.org\/{rel}","templated":true}]}}