{"id":68,"date":"2023-11-20T13:22:56","date_gmt":"2023-11-20T10:22:56","guid":{"rendered":"https:\/\/emyteknik.com\/?post_type=product&#038;p=68"},"modified":"2024-02-23T09:54:15","modified_gmt":"2024-02-23T06:54:15","slug":"em-carin","status":"publish","type":"product","link":"https:\/\/www.emyteknik.com\/en\/product\/em-carin\/","title":{"rendered":"EM-CARIN"},"content":{"rendered":"<div style=\"overflow-x: auto;\">\n<table class=\"table table-borderless\">\n<thead>\n<tr>\n<th><strong>Sipari\u015f Kodu<\/strong><\/th>\n<th><strong>\u00dcr\u00fcn A\u00e7\u0131klamas\u0131<\/strong><\/th>\n<th><strong>\u00dcr\u00fcn Kodu<\/strong><\/th>\n<th><strong>\u015eartname<\/strong><\/th>\n<th><strong>Datasheet<\/strong><\/th>\n<th><strong>Ldt.<\/strong><\/th>\n<\/tr>\n<\/thead>\n<tbody>\n<tr>\n<th scope=\"row\"><\/th>\n<td>EM-CARIN<\/td>\n<td>EAL.245 \/EAL.345 \/EAL.445 \/EAL.545 \/EAL.645 \/EAL.845<\/td>\n<td>\u015eartname<\/td>\n<td><a href=\"https:\/\/emyteknik.com\/wp-content\/uploads\/2023\/11\/carin.pdf\" target=\"_blank\" rel=\"noopener\"><strong>Datasheet<\/strong><\/a><\/td>\n<td>Ldt.<\/td>\n<\/tr>\n<\/tbody>\n<\/table>\n<\/div>","protected":false},"excerpt":{"rendered":"<p><strong>EM-CARIN <\/strong><\/p>\n<div class=\"col-lg-6 col-md-6 col-xs-12 fiyat-row adet-hiza urun-detay-sepet-button\" style=\"margin-bottom: 0px;\">\n<div class=\"urun-butons\"><a class=\"urun-detay-butons\" style=\"width: 97%;\" href=\"tel:+90 505 604 16 83\"><br \/>\n<i class=\"fa fa-phone\"><\/i> TIKLA ARA<br \/>\n<\/a><\/div>\n<\/div>","protected":false},"featured_media":69,"comment_status":"closed","ping_status":"closed","template":"","meta":[],"product_cat":[15,27],"product_tag":[],"class_list":["post-68","product","type-product","status-publish","has-post-thumbnail","hentry","product_cat-downlight-1","product_cat-siva-alti1"],"_links":{"self":[{"href":"https:\/\/www.emyteknik.com\/en\/wp-json\/wp\/v2\/product\/68","targetHints":{"allow":["GET"]}}],"collection":[{"href":"https:\/\/www.emyteknik.com\/en\/wp-json\/wp\/v2\/product"}],"about":[{"href":"https:\/\/www.emyteknik.com\/en\/wp-json\/wp\/v2\/types\/product"}],"replies":[{"embeddable":true,"href":"https:\/\/www.emyteknik.com\/en\/wp-json\/wp\/v2\/comments?post=68"}],"wp:featuredmedia":[{"embeddable":true,"href":"https:\/\/www.emyteknik.com\/en\/wp-json\/wp\/v2\/media\/69"}],"wp:attachment":[{"href":"https:\/\/www.emyteknik.com\/en\/wp-json\/wp\/v2\/media?parent=68"}],"wp:term":[{"taxonomy":"product_cat","embeddable":true,"href":"https:\/\/www.emyteknik.com\/en\/wp-json\/wp\/v2\/product_cat?post=68"},{"taxonomy":"product_tag","embeddable":true,"href":"https:\/\/www.emyteknik.com\/en\/wp-json\/wp\/v2\/product_tag?post=68"}],"curies":[{"name":"wp","href":"https:\/\/api.w.org\/{rel}","templated":true}]}}