{"id":600,"date":"2024-01-08T08:33:47","date_gmt":"2024-01-08T05:33:47","guid":{"rendered":"https:\/\/emyteknik.com\/?post_type=product&#038;p=600"},"modified":"2024-02-23T08:55:42","modified_gmt":"2024-02-23T05:55:42","slug":"siva-ati-spot","status":"publish","type":"product","link":"https:\/\/www.emyteknik.com\/en\/product\/siva-ati-spot\/","title":{"rendered":"S\u0131va At\u0131 Spot 9W &#8211; 12W"},"content":{"rendered":"<div style=\"overflow-x: auto;\">\n<table class=\"table table-borderless\">\n<thead>\n<tr>\n<th><strong>Sipari\u015f Kodu<\/strong><\/th>\n<th><strong>\u00dcr\u00fcn A\u00e7\u0131klamas\u0131<\/strong><\/th>\n<th><strong>\u00dcr\u00fcn Kodu<\/strong><\/th>\n<th><strong>\u015eartname<\/strong><\/th>\n<th><strong>Datasheet<\/strong><\/th>\n<th><strong>Ldt.<\/strong><\/th>\n<\/tr>\n<\/thead>\n<tbody>\n<tr>\n<th scope=\"row\"><\/th>\n<td>DWS 9W<\/td>\n<td>A DWS 009A 40OD00 09K0 110 40<\/td>\n<td><\/td>\n<td><a href=\"https:\/\/emyteknik.com\/wp-content\/uploads\/2024\/01\/A-DWS-009A-40OD00-09K0-110-40.pdf\" target=\"_blank\" rel=\"noopener\">Datasheet<\/a><\/td>\n<td><\/td>\n<\/tr>\n<tr>\n<th scope=\"row\"><\/th>\n<td>DWS 12W<\/td>\n<td>A DWS 012A 40OD00 1K2 110 40<\/td>\n<td><\/td>\n<td><a href=\"https:\/\/emyteknik.com\/wp-content\/uploads\/2024\/01\/A-DWS-012A-40OD00-1K2-110-40.pdf\" target=\"_blank\" rel=\"noopener\">Datasheet<\/a><\/td>\n<td><\/td>\n<\/tr>\n<\/tbody>\n<\/table>\n<\/div>","protected":false},"excerpt":{"rendered":"<p><strong>DWS 9W<\/strong><\/p>\n<div class=\"col-lg-6 col-md-6 col-xs-12 fiyat-row adet-hiza urun-detay-sepet-button\" style=\"margin-bottom: 0px;\">\n<div class=\"urun-butons\"><a class=\"urun-detay-butons\" style=\"width: 97%;\" href=\"tel:+90 505 604 16 83\"><br \/>\n<i class=\"fa fa-phone\"><\/i> TIKLA ARA<br \/>\n<\/a><\/div>\n<\/div>","protected":false},"featured_media":603,"comment_status":"closed","ping_status":"closed","template":"","meta":[],"product_cat":[15,27],"product_tag":[],"class_list":["post-600","product","type-product","status-publish","has-post-thumbnail","hentry","product_cat-downlight-1","product_cat-siva-alti1"],"_links":{"self":[{"href":"https:\/\/www.emyteknik.com\/en\/wp-json\/wp\/v2\/product\/600","targetHints":{"allow":["GET"]}}],"collection":[{"href":"https:\/\/www.emyteknik.com\/en\/wp-json\/wp\/v2\/product"}],"about":[{"href":"https:\/\/www.emyteknik.com\/en\/wp-json\/wp\/v2\/types\/product"}],"replies":[{"embeddable":true,"href":"https:\/\/www.emyteknik.com\/en\/wp-json\/wp\/v2\/comments?post=600"}],"wp:featuredmedia":[{"embeddable":true,"href":"https:\/\/www.emyteknik.com\/en\/wp-json\/wp\/v2\/media\/603"}],"wp:attachment":[{"href":"https:\/\/www.emyteknik.com\/en\/wp-json\/wp\/v2\/media?parent=600"}],"wp:term":[{"taxonomy":"product_cat","embeddable":true,"href":"https:\/\/www.emyteknik.com\/en\/wp-json\/wp\/v2\/product_cat?post=600"},{"taxonomy":"product_tag","embeddable":true,"href":"https:\/\/www.emyteknik.com\/en\/wp-json\/wp\/v2\/product_tag?post=600"}],"curies":[{"name":"wp","href":"https:\/\/api.w.org\/{rel}","templated":true}]}}