{"id":585,"date":"2024-01-05T17:11:36","date_gmt":"2024-01-05T14:11:36","guid":{"rendered":"https:\/\/emyteknik.com\/?post_type=product&#038;p=585"},"modified":"2024-07-28T13:34:59","modified_gmt":"2024-07-28T10:34:59","slug":"kanz-alcipan","status":"publish","type":"product","link":"https:\/\/www.emyteknik.com\/en\/product\/kanz-alcipan\/","title":{"rendered":"KANZ AL\u00c7IPAN"},"content":{"rendered":"<div style=\"overflow-x: auto;\">\n<table class=\"table table-borderless\">\n<thead>\n<tr>\n<th><strong>Sipari\u015f Kodu<\/strong><\/th>\n<th><strong>\u00dcr\u00fcn A\u00e7\u0131klamas\u0131<\/strong><\/th>\n<th><strong>\u00dcr\u00fcn Kodu<\/strong><\/th>\n<th><strong>\u015eartname<\/strong><\/th>\n<th><strong>Datasheet<\/strong><\/th>\n<th><strong>Ldt.<\/strong><\/th>\n<\/tr>\n<\/thead>\n<tbody>\n<tr>\n<th scope=\"row\"><\/th>\n<td>S\u0131va Alt\u0131 60x60cm 36W LED Armat\u00fcr<\/td>\n<td>A KNZ 036A 40OD00 3K6 6060 40<\/td>\n<td><\/td>\n<td><a href=\"https:\/\/emyteknik.com\/wp-content\/uploads\/2024\/01\/A-KNZ-036A-40OD00-3K6-6060-40.pdf\" target=\"_blank\" rel=\"noopener\">Datasheet<\/a><\/td>\n<td><\/td>\n<\/tr>\n<tr>\n<th scope=\"row\"><\/th>\n<td>S\u0131va Alt\u0131 60x60cm 36W LED Armat\u00fcr<\/td>\n<td>A KNZ 036C 40OD00 3K6 6060 40<\/td>\n<td><\/td>\n<td><a href=\"https:\/\/emyteknik.com\/wp-content\/uploads\/2024\/01\/A-KNZ-036C-40OD00-3K6-6060-40.pdf\" target=\"_blank\" rel=\"noopener\">Datasheet<\/a><\/td>\n<td><\/td>\n<\/tr>\n<tr>\n<th scope=\"row\"><\/th>\n<td>S\u0131va Alt\u0131 60x60cm 36W LED Armat\u00fcr<\/td>\n<td>A KNZ 036T 40OD00 3K6 6060 40<\/td>\n<td><\/td>\n<td><a href=\"https:\/\/emyteknik.com\/wp-content\/uploads\/2024\/01\/A-KNZ-036T-40OD00-3K6-6060-40.pdf\" target=\"_blank\" rel=\"noopener\">Datasheet<\/a><\/td>\n<td><\/td>\n<\/tr>\n<tr>\n<th scope=\"row\"><\/th>\n<td>S\u0131va \u00dcst\u00fc 60x60cm 36W LED Armat\u00fcr<\/td>\n<td>A KNZ 036U 40OD00 3K6 6060 40<\/td>\n<td><\/td>\n<td><a href=\"https:\/\/www.emyteknik.com\/wp-content\/uploads\/2024\/07\/A-KNZ-036U-40OD00-3K6-6060-40.pdf\" target=\"_blank\" rel=\"noopener\">Datasheet<\/a><\/td>\n<td><\/td>\n<\/tr>\n<tr>\n<th scope=\"row\"><\/th>\n<td>S\u0131va Alt\u0131 60x60cm 40W LED Armat\u00fcr<\/td>\n<td>A KNZ 040A 40OD00 4K0 6060 40<\/td>\n<td><\/td>\n<td><a href=\"https:\/\/emyteknik.com\/wp-content\/uploads\/2024\/01\/A-KNZ-040A-40OD00-4K0-6060-40.pdf\" target=\"_blank\" rel=\"noopener\">Datasheet<\/a><\/td>\n<td><\/td>\n<\/tr>\n<tr>\n<th scope=\"row\"><\/th>\n<td>S\u0131va Alt\u0131 60x60cm 40W LED Armat\u00fcr<\/td>\n<td>A KNZ 040C 40OD00 4K0 6060 40<\/td>\n<td><\/td>\n<td><a href=\"https:\/\/emyteknik.com\/wp-content\/uploads\/2024\/01\/A-KNZ-040C-40OD00-4K0-6060-40.pdf\" target=\"_blank\" rel=\"noopener\">Datasheet<\/a><\/td>\n<td><\/td>\n<\/tr>\n<tr>\n<th scope=\"row\"><\/th>\n<td>S\u0131va Alt\u0131 60x60cm 40W LED Armat\u00fcr<\/td>\n<td>A KNZ 040T 40OD00 4K0 6060 40<\/td>\n<td><\/td>\n<td><a href=\"https:\/\/emyteknik.com\/wp-content\/uploads\/2024\/01\/A-KNZ-040T-40OD00-4K0-6060-40.pdf\" target=\"_blank\" rel=\"noopener\">Datasheet<\/a><\/td>\n<td><\/td>\n<\/tr>\n<tr>\n<th scope=\"row\"><\/th>\n<td>S\u0131va \u00dcst\u00fc 60x60cm 40W LED Armat\u00fcr<\/td>\n<td>A KNZ 040U 40OD00 4K0 6060 40<\/td>\n<td><\/td>\n<td><a href=\"https:\/\/www.emyteknik.com\/wp-content\/uploads\/2024\/07\/A-KNZ-040U-40OD00-4K0-6060-40.pdf\" target=\"_blank\" rel=\"noopener\">Datasheet<\/a><\/td>\n<td><\/td>\n<\/tr>\n<tr>\n<th scope=\"row\"><\/th>\n<td>S\u0131va Alt\u0131 60x60cm 45W LED Armat\u00fcr<\/td>\n<td>A KNZ 045A 40OD00 4K5 6060 40<\/td>\n<td><\/td>\n<td><a href=\"https:\/\/emyteknik.com\/wp-content\/uploads\/2024\/01\/A-KNZ-045A-40OD00-4K5-6060-40.pdf\" target=\"_blank\" rel=\"noopener\">Datasheet<\/a><\/td>\n<td><\/td>\n<\/tr>\n<tr>\n<th scope=\"row\"><\/th>\n<td>S\u0131va Alt\u0131 60x60cm 45W LED Armat\u00fcr<\/td>\n<td>A KNZ 045C 40OD00 4K5 6060 40<\/td>\n<td><\/td>\n<td><a href=\"https:\/\/emyteknik.com\/wp-content\/uploads\/2024\/01\/A-KNZ-045C-40OD00-4K5-6060-40.pdf\" target=\"_blank\" rel=\"noopener\">Datasheet<\/a><\/td>\n<td><\/td>\n<\/tr>\n<tr>\n<th scope=\"row\"><\/th>\n<td>S\u0131va Alt\u0131 60x60cm 45W LED Armat\u00fcr<\/td>\n<td>A KNZ 045T 40OD00 4K5 6060 40<\/td>\n<td><\/td>\n<td><a href=\"https:\/\/emyteknik.com\/wp-content\/uploads\/2024\/01\/A-KNZ-045T-40OD00-4K5-6060-40.pdf\" target=\"_blank\" rel=\"noopener\">Datasheet<\/a><\/td>\n<td><\/td>\n<\/tr>\n<tr>\n<th scope=\"row\"><\/th>\n<td>S\u0131va \u00dcst\u00fc 60x60cm 45W LED Armat\u00fcr<\/td>\n<td>A KNZ 045U 40OD00 4K5 6060 40<\/td>\n<td><\/td>\n<td><a href=\"https:\/\/www.emyteknik.com\/wp-content\/uploads\/2024\/07\/A-KNZ-045U-40OD00-4K5-6060-40.pdf\" target=\"_blank\" rel=\"noopener\">Datasheet<\/a><\/td>\n<td><\/td>\n<\/tr>\n<\/tbody>\n<\/table>\n<\/div>","protected":false},"excerpt":{"rendered":"<p><strong>KANZ AL\u00c7IPAN<\/strong><\/p>\n<div class=\"col-lg-6 col-md-6 col-xs-12 fiyat-row adet-hiza urun-detay-sepet-button\" style=\"margin-bottom: 0px;\">\n<div class=\"urun-butons\"><a class=\"urun-detay-butons\" style=\"width: 97%;\" href=\"tel:+90 505 604 16 83\"><br \/>\n<i class=\"fa fa-phone\"><\/i> TIKLA ARA<br \/>\n<\/a><\/div>\n<\/div>","protected":false},"featured_media":586,"comment_status":"closed","ping_status":"closed","template":"","meta":[],"product_cat":[27],"product_tag":[],"class_list":["post-585","product","type-product","status-publish","has-post-thumbnail","hentry","product_cat-siva-alti1"],"_links":{"self":[{"href":"https:\/\/www.emyteknik.com\/en\/wp-json\/wp\/v2\/product\/585","targetHints":{"allow":["GET"]}}],"collection":[{"href":"https:\/\/www.emyteknik.com\/en\/wp-json\/wp\/v2\/product"}],"about":[{"href":"https:\/\/www.emyteknik.com\/en\/wp-json\/wp\/v2\/types\/product"}],"replies":[{"embeddable":true,"href":"https:\/\/www.emyteknik.com\/en\/wp-json\/wp\/v2\/comments?post=585"}],"wp:featuredmedia":[{"embeddable":true,"href":"https:\/\/www.emyteknik.com\/en\/wp-json\/wp\/v2\/media\/586"}],"wp:attachment":[{"href":"https:\/\/www.emyteknik.com\/en\/wp-json\/wp\/v2\/media?parent=585"}],"wp:term":[{"taxonomy":"product_cat","embeddable":true,"href":"https:\/\/www.emyteknik.com\/en\/wp-json\/wp\/v2\/product_cat?post=585"},{"taxonomy":"product_tag","embeddable":true,"href":"https:\/\/www.emyteknik.com\/en\/wp-json\/wp\/v2\/product_tag?post=585"}],"curies":[{"name":"wp","href":"https:\/\/api.w.org\/{rel}","templated":true}]}}