{"id":532,"date":"2024-01-05T15:34:04","date_gmt":"2024-01-05T12:34:04","guid":{"rendered":"https:\/\/emyteknik.com\/?post_type=product&#038;p=532"},"modified":"2025-04-10T22:28:18","modified_gmt":"2025-04-10T19:28:18","slug":"pictor-spot-18","status":"publish","type":"product","link":"https:\/\/www.emyteknik.com\/en\/product\/pictor-spot-18\/","title":{"rendered":"APL\u0130K"},"content":{"rendered":"<div style=\"overflow-x: auto;\">\n<table class=\"table table-borderless\">\n<thead>\n<tr>\n<th><strong>Sipari\u015f Kodu<\/strong><\/th>\n<th><strong>\u00dcr\u00fcn A\u00e7\u0131klamas\u0131<\/strong><\/th>\n<th><strong>\u00dcr\u00fcn Kodu<\/strong><\/th>\n<th><strong>\u015eartname<\/strong><\/th>\n<th><strong>Datasheet<\/strong><\/th>\n<th><strong>Ldt.<\/strong><\/th>\n<\/tr>\n<\/thead>\n<tbody>\n<tr>\n<th scope=\"row\"><\/th>\n<td>30W IP66 APL\u0130K<\/td>\n<td>E REC 030U 30LS00 3K3 60 27 66 APL\u0130K SLG<\/td>\n<td><\/td>\n<td><a href=\"https:\/\/www.emyteknik.com\/wp-content\/uploads\/2025\/04\/E-REC-030U-30LS00-3K3-60-27-66-APLIK-SLG.pdf\" target=\"_blank\" rel=\"noopener\">Datasheet<\/a><\/td>\n<td><\/td>\n<\/tr>\n<tr>\n<th scope=\"row\"><\/th>\n<td><\/td>\n<td><\/td>\n<td><\/td>\n<td><\/td>\n<td><\/td>\n<\/tr>\n<\/tbody>\n<\/table>\n<\/div>","protected":false},"excerpt":{"rendered":"<div class=\"col-lg-6 col-md-6 col-xs-12 fiyat-row adet-hiza urun-detay-sepet-button\" style=\"margin-bottom: 0px;\">\n<div class=\"urun-butons\"><\/div>\n<\/div>","protected":false},"featured_media":1622,"comment_status":"closed","ping_status":"closed","template":"","meta":[],"product_cat":[20,60,30,61,23,75,41,76],"product_tag":[],"class_list":["post-532","product","type-product","status-publish","has-post-thumbnail","hentry","product_cat-aplik-1","product_cat-aplik-en","product_cat-cephe-aydinlatma1","product_cat-cephe-aydinlatma-en","product_cat-peyzaj-cephe-aydinlatma1","product_cat-peyzaj-cephe-aydinlatma-en","product_cat-projektorler1","product_cat-projektorler-en"],"_links":{"self":[{"href":"https:\/\/www.emyteknik.com\/en\/wp-json\/wp\/v2\/product\/532","targetHints":{"allow":["GET"]}}],"collection":[{"href":"https:\/\/www.emyteknik.com\/en\/wp-json\/wp\/v2\/product"}],"about":[{"href":"https:\/\/www.emyteknik.com\/en\/wp-json\/wp\/v2\/types\/product"}],"replies":[{"embeddable":true,"href":"https:\/\/www.emyteknik.com\/en\/wp-json\/wp\/v2\/comments?post=532"}],"wp:featuredmedia":[{"embeddable":true,"href":"https:\/\/www.emyteknik.com\/en\/wp-json\/wp\/v2\/media\/1622"}],"wp:attachment":[{"href":"https:\/\/www.emyteknik.com\/en\/wp-json\/wp\/v2\/media?parent=532"}],"wp:term":[{"taxonomy":"product_cat","embeddable":true,"href":"https:\/\/www.emyteknik.com\/en\/wp-json\/wp\/v2\/product_cat?post=532"},{"taxonomy":"product_tag","embeddable":true,"href":"https:\/\/www.emyteknik.com\/en\/wp-json\/wp\/v2\/product_tag?post=532"}],"curies":[{"name":"wp","href":"https:\/\/api.w.org\/{rel}","templated":true}]}}