{"id":491,"date":"2024-01-05T14:10:26","date_gmt":"2024-01-05T11:10:26","guid":{"rendered":"https:\/\/emyteknik.com\/?post_type=product&#038;p=491"},"modified":"2026-04-14T10:01:30","modified_gmt":"2026-04-14T07:01:30","slug":"otka-spot-mini","status":"publish","type":"product","link":"https:\/\/www.emyteknik.com\/en\/product\/otka-spot-mini\/","title":{"rendered":"OTKA SPOT MINI"},"content":{"rendered":"<div style=\"overflow-x: auto;\">\n<table class=\"table table-borderless\">\n<thead>\n<tr>\n<th><strong>Sipari\u015f Kodu<\/strong><\/th>\n<th><strong>\u00dcr\u00fcn A\u00e7\u0131klamas\u0131<\/strong><\/th>\n<th><strong>\u00dcr\u00fcn Kodu<\/strong><\/th>\n<th><strong>\u015eartname<\/strong><\/th>\n<th><strong>Datasheet<\/strong><\/th>\n<th><strong>Ldt.<\/strong><\/th>\n<\/tr>\n<\/thead>\n<tbody>\n<tr>\n<td><\/td>\n<th scope=\"row\">3W IP67 DI\u015e ORTAM YERE G\u00d6MME SPOT<\/th>\n<td>E OTK 003Y 40CM00 30 0K3 95 67 MINI<\/td>\n<td><\/td>\n<td><a href=\"https:\/\/www.emyteknik.com\/wp-content\/uploads\/2025\/04\/E-OTK-003Y-40CM00-30-0K3-95-67-MINI.pdf\" target=\"_blank\" rel=\"noopener\">Datasheet<\/a><\/td>\n<td><a href=\"https:\/\/www.emyteknik.com\/wp-content\/uploads\/ldt\/mini-3y.ldt\" target=\"_blank\" rel=\"noopener\">LDT<\/a><\/td>\n<\/tr>\n<tr>\n<td><\/td>\n<th scope=\"row\">6W IP67\u00a0 DI\u015e ORTAM YERE G\u00d6MME SPOT<\/th>\n<td>E OTK 006Y 40CM00 30 0K6 95 67 MINI<\/td>\n<td><\/td>\n<td><a href=\"https:\/\/www.emyteknik.com\/wp-content\/uploads\/2025\/04\/E-OTK-006Y-40CM00-30-0K6-95-67-MINI.pdf\" target=\"_blank\" rel=\"noopener\">Datasheet<\/a><\/td>\n<td><a href=\"https:\/\/www.emyteknik.com\/wp-content\/uploads\/ldt\/mini-6y.ldt\" target=\"_blank\" rel=\"noopener\">LDT<\/a><\/td>\n<\/tr>\n<\/tbody>\n<\/table>\n<\/div>","protected":false},"excerpt":{"rendered":"<p><strong>OTKA SPOT MINI<\/strong><\/p>\n<div class=\"col-lg-6 col-md-6 col-xs-12 fiyat-row adet-hiza urun-detay-sepet-button\" style=\"margin-bottom: 0px;\">\n<div class=\"urun-butons\"><a class=\"urun-detay-butons\" style=\"width: 97%;\" href=\"tel:+90 505 604 16 83\"><br \/>\n<i class=\"fa fa-phone\"><\/i> TIKLA ARA<br \/>\n<\/a><\/div>\n<\/div>","protected":false},"featured_media":1763,"comment_status":"closed","ping_status":"closed","template":"","meta":[],"product_cat":[19,23],"product_tag":[],"class_list":["post-491","product","type-product","status-publish","has-post-thumbnail","hentry","product_cat-gomme-1","product_cat-peyzaj-cephe-aydinlatma1"],"_links":{"self":[{"href":"https:\/\/www.emyteknik.com\/en\/wp-json\/wp\/v2\/product\/491","targetHints":{"allow":["GET"]}}],"collection":[{"href":"https:\/\/www.emyteknik.com\/en\/wp-json\/wp\/v2\/product"}],"about":[{"href":"https:\/\/www.emyteknik.com\/en\/wp-json\/wp\/v2\/types\/product"}],"replies":[{"embeddable":true,"href":"https:\/\/www.emyteknik.com\/en\/wp-json\/wp\/v2\/comments?post=491"}],"wp:featuredmedia":[{"embeddable":true,"href":"https:\/\/www.emyteknik.com\/en\/wp-json\/wp\/v2\/media\/1763"}],"wp:attachment":[{"href":"https:\/\/www.emyteknik.com\/en\/wp-json\/wp\/v2\/media?parent=491"}],"wp:term":[{"taxonomy":"product_cat","embeddable":true,"href":"https:\/\/www.emyteknik.com\/en\/wp-json\/wp\/v2\/product_cat?post=491"},{"taxonomy":"product_tag","embeddable":true,"href":"https:\/\/www.emyteknik.com\/en\/wp-json\/wp\/v2\/product_tag?post=491"}],"curies":[{"name":"wp","href":"https:\/\/api.w.org\/{rel}","templated":true}]}}