{"id":444,"date":"2024-01-03T17:50:14","date_gmt":"2024-01-03T14:50:14","guid":{"rendered":"https:\/\/emyteknik.com\/?post_type=product&#038;p=444"},"modified":"2026-04-13T16:44:46","modified_gmt":"2026-04-13T13:44:46","slug":"cnc-makina-aydinlatma","status":"publish","type":"product","link":"https:\/\/www.emyteknik.com\/en\/product\/cnc-makina-aydinlatma\/","title":{"rendered":"CNC MAK\u0130NA L\u0130NEER AYDINLATMA"},"content":{"rendered":"<div style=\"overflow-x: auto;\">\n<table class=\"table table-borderless\">\n<thead>\n<tr>\n<th><strong>Sipari\u015f Kodu<\/strong><\/th>\n<th><strong>\u00dcr\u00fcn A\u00e7\u0131klamas\u0131<\/strong><\/th>\n<th><strong>\u00dcr\u00fcn Kodu<\/strong><\/th>\n<th><strong>\u015eartname<\/strong><\/th>\n<th><strong>Datasheet<\/strong><\/th>\n<th><strong>Ldt.<\/strong><\/th>\n<\/tr>\n<\/thead>\n<tbody>\n<tr>\n<th scope=\"row\"><\/th>\n<td>CNC EX-L 42 15W<\/td>\n<td>E CNC 015U 65CM00 1K5 42 68 EX-L 24V DC<\/td>\n<td><\/td>\n<td><a href=\"https:\/\/www.emyteknik.com\/wp-content\/uploads\/2025\/04\/E-CNC-015U-65CM00-1K5-42-68-EX-L-24V-DC.pdf\" target=\"_blank\" rel=\"noopener\">Datasheet<\/a><\/td>\n<td>\u00a0<a href=\"https:\/\/www.emyteknik.com\/wp-content\/uploads\/ldt\/35ltd.ldt\" target=\"_blank\" rel=\"noopener\">LDT<\/a><\/td>\n<\/tr>\n<tr>\n<th scope=\"row\"><\/th>\n<td>CNC EX-L 72 30W<\/td>\n<td>E CNC 030U 65CM00 3K0 72 68 EX-L 24V DC<\/td>\n<td><\/td>\n<td><a href=\"https:\/\/www.emyteknik.com\/wp-content\/uploads\/2025\/04\/E-CNC-030U-65CM00-3K0-72-68-EX-L-24V-DC.pdf\" target=\"_blank\" rel=\"noopener\">Datasheet<\/a><\/td>\n<td>\u00a0<a href=\"https:\/\/www.emyteknik.com\/wp-content\/uploads\/ldt\/70ltd.ldt\" target=\"_blank\" rel=\"noopener\">LDT<\/a><\/td>\n<\/tr>\n<\/tbody>\n<\/table>\n<\/div>","protected":false},"excerpt":{"rendered":"<p>CNC MAK\u0130NA L\u0130NEER AYDINLATMA<\/p>\n<div class=\"col-lg-6 col-md-6 col-xs-12 fiyat-row adet-hiza urun-detay-sepet-button\" style=\"margin-bottom: 0px;\">\n<div class=\"urun-butons\"><a class=\"urun-detay-butons\" style=\"width: 97%;\" href=\"tel:+90 505 604 16 83\"><br \/>\n<i class=\"fa fa-phone\"><\/i> TIKLA ARA<br \/>\n<\/a><\/div>\n<\/div>","protected":false},"featured_media":1774,"comment_status":"closed","ping_status":"closed","template":"","meta":[],"product_cat":[33],"product_tag":[],"class_list":["post-444","product","type-product","status-publish","has-post-thumbnail","hentry","product_cat-makine-aydinlatmasi1"],"_links":{"self":[{"href":"https:\/\/www.emyteknik.com\/en\/wp-json\/wp\/v2\/product\/444","targetHints":{"allow":["GET"]}}],"collection":[{"href":"https:\/\/www.emyteknik.com\/en\/wp-json\/wp\/v2\/product"}],"about":[{"href":"https:\/\/www.emyteknik.com\/en\/wp-json\/wp\/v2\/types\/product"}],"replies":[{"embeddable":true,"href":"https:\/\/www.emyteknik.com\/en\/wp-json\/wp\/v2\/comments?post=444"}],"wp:featuredmedia":[{"embeddable":true,"href":"https:\/\/www.emyteknik.com\/en\/wp-json\/wp\/v2\/media\/1774"}],"wp:attachment":[{"href":"https:\/\/www.emyteknik.com\/en\/wp-json\/wp\/v2\/media?parent=444"}],"wp:term":[{"taxonomy":"product_cat","embeddable":true,"href":"https:\/\/www.emyteknik.com\/en\/wp-json\/wp\/v2\/product_cat?post=444"},{"taxonomy":"product_tag","embeddable":true,"href":"https:\/\/www.emyteknik.com\/en\/wp-json\/wp\/v2\/product_tag?post=444"}],"curies":[{"name":"wp","href":"https:\/\/api.w.org\/{rel}","templated":true}]}}