{"id":341,"date":"2023-12-13T16:23:26","date_gmt":"2023-12-13T13:23:26","guid":{"rendered":"https:\/\/emyteknik.com\/?post_type=product&#038;p=341"},"modified":"2026-04-13T16:26:51","modified_gmt":"2026-04-13T13:26:51","slug":"wall-spot","status":"publish","type":"product","link":"https:\/\/www.emyteknik.com\/en\/product\/wall-spot\/","title":{"rendered":"SEDGE Sazl\u0131k Bolard"},"content":{"rendered":"<div style=\"overflow-x: auto;\">\n<table class=\"table table-borderless\">\n<thead>\n<tr>\n<th><strong>Sipari\u015f Kodu<\/strong><\/th>\n<th><strong>\u00dcr\u00fcn A\u00e7\u0131klamas\u0131<\/strong><\/th>\n<th><strong>\u00dcr\u00fcn Kodu<\/strong><\/th>\n<th><strong>\u015eartname<\/strong><\/th>\n<th><strong>Datasheet<\/strong><\/th>\n<th><strong>Ldt.<\/strong><\/th>\n<\/tr>\n<\/thead>\n<tbody>\n<tr>\n<td><\/td>\n<th scope=\"row\">9W Sazl\u0131k Bolard<\/th>\n<td>A SZL 009D 30CM00 0K9 110 66 BOLARD<\/td>\n<td>\u015eartname<\/td>\n<td><a href=\"https:\/\/www.emyteknik.com\/wp-content\/uploads\/2025\/04\/A-SZL-009D-30CM00-0K9-110-66-BOLARD-1.pdf\" target=\"_blank\" rel=\"noopener\">Datasheet<\/a><\/td>\n<td><strong>.<\/strong><\/td>\n<\/tr>\n<\/tbody>\n<\/table>\n<p>&nbsp;<\/p>\n<\/div>","protected":false},"excerpt":{"rendered":"<p>Sipari\u015f Kodu \u00dcr\u00fcn A\u00e7\u0131klamas\u0131 \u00dcr\u00fcn Kodu \u015eartname Datasheet Ldt. 9W Sazl\u0131k Bolard A SZL 009D 30CM00 0K9 110 66 BOLARD \u015eartname Datasheet . &nbsp;<\/p>","protected":false},"featured_media":1765,"comment_status":"closed","ping_status":"closed","template":"","meta":[],"product_cat":[19,23,75],"product_tag":[],"class_list":["post-341","product","type-product","status-publish","has-post-thumbnail","hentry","product_cat-gomme-1","product_cat-peyzaj-cephe-aydinlatma1","product_cat-peyzaj-cephe-aydinlatma-en"],"_links":{"self":[{"href":"https:\/\/www.emyteknik.com\/en\/wp-json\/wp\/v2\/product\/341","targetHints":{"allow":["GET"]}}],"collection":[{"href":"https:\/\/www.emyteknik.com\/en\/wp-json\/wp\/v2\/product"}],"about":[{"href":"https:\/\/www.emyteknik.com\/en\/wp-json\/wp\/v2\/types\/product"}],"replies":[{"embeddable":true,"href":"https:\/\/www.emyteknik.com\/en\/wp-json\/wp\/v2\/comments?post=341"}],"wp:featuredmedia":[{"embeddable":true,"href":"https:\/\/www.emyteknik.com\/en\/wp-json\/wp\/v2\/media\/1765"}],"wp:attachment":[{"href":"https:\/\/www.emyteknik.com\/en\/wp-json\/wp\/v2\/media?parent=341"}],"wp:term":[{"taxonomy":"product_cat","embeddable":true,"href":"https:\/\/www.emyteknik.com\/en\/wp-json\/wp\/v2\/product_cat?post=341"},{"taxonomy":"product_tag","embeddable":true,"href":"https:\/\/www.emyteknik.com\/en\/wp-json\/wp\/v2\/product_tag?post=341"}],"curies":[{"name":"wp","href":"https:\/\/api.w.org\/{rel}","templated":true}]}}