{"id":326,"date":"2023-12-13T16:12:44","date_gmt":"2023-12-13T13:12:44","guid":{"rendered":"https:\/\/emyteknik.com\/?post_type=product&#038;p=326"},"modified":"2024-08-18T12:14:21","modified_gmt":"2024-08-18T09:14:21","slug":"micro-spot-efekt","status":"publish","type":"product","link":"https:\/\/www.emyteknik.com\/en\/product\/micro-spot-efekt\/","title":{"rendered":"MICRO SPOT EFEKT"},"content":{"rendered":"<div style=\"overflow-x: auto;\">\n<table class=\"table table-borderless\">\n<thead>\n<tr>\n<th><strong>Sipari\u015f Kodu<\/strong><\/th>\n<th><strong>\u00dcr\u00fcn A\u00e7\u0131klamas\u0131<\/strong><\/th>\n<th><strong>\u00dcr\u00fcn Kodu<\/strong><\/th>\n<th><strong>\u015eartname<\/strong><\/th>\n<th><strong>Datasheet<\/strong><\/th>\n<th><strong>Ldt.<\/strong><\/th>\n<\/tr>\n<\/thead>\n<tbody>\n<tr>\n<td><\/td>\n<th scope=\"row\">2W M\u0130KRO SPOT EFEKT DA\u0130RE DUVARA G\u00d6MME<\/th>\n<td>E MKS 002Y 40OD00 GN 0K1 50 67 DA\u0130RE<\/td>\n<td>\u015eartname<\/td>\n<td><a href=\"https:\/\/emyteknik.com\/wp-content\/uploads\/2024\/01\/E-MKS-002Y-40OD00-GN-0K1-50-67-DAIRE.pdf\" target=\"_blank\" rel=\"noopener\"><strong>Datasheet<\/strong><\/a><\/td>\n<td><strong>Ldt.<\/strong><\/td>\n<\/tr>\n<tr>\n<td><\/td>\n<th scope=\"row\">2W MIKRO SPOT EFEKT KARE DUVARA G\u00d6MME<\/th>\n<td>E MKS 002Y 40OD00 GN 0K1 50 67 KARE<\/td>\n<td>\u015eartname<\/td>\n<td><a href=\"https:\/\/emyteknik.com\/wp-content\/uploads\/2024\/01\/E-MKS-002Y-40OD00-GN-0K1-50-67-KARE.pdf\" target=\"_blank\" rel=\"noopener\"><strong>Datasheet<\/strong><\/a><\/td>\n<td><strong>Ldt.<\/strong><\/td>\n<\/tr>\n<tr>\n<td><\/td>\n<th scope=\"row\">2W MIKRO SPOT EFEKT YILDIZ DUVARA G\u00d6MME<\/th>\n<td>E MKS 002Y 40OD00 GN 0K1 50 67 YILDIZ<\/td>\n<td>\u015eartname<\/td>\n<td><a href=\"https:\/\/emyteknik.com\/wp-content\/uploads\/2024\/01\/E-MKS-002Y-40OD00-GN-0K1-50-67-YILDIZ.pdf\" target=\"_blank\" rel=\"noopener\"><strong>Datasheet<\/strong><\/a><\/td>\n<td><strong>Ldt.<\/strong><\/td>\n<\/tr>\n<tr>\n<td><\/td>\n<th scope=\"row\">2W MIKRO SPOT EFEKT YARIM AY DUVARA G\u00d6MME<\/th>\n<td>E MKS 002Y 40OD00 GN 0K1 50 67 YARIM AY<\/td>\n<td>\u015eartname<\/td>\n<td><a href=\"https:\/\/www.emyteknik.com\/wp-content\/uploads\/2024\/08\/E-MKS-002Y-40OD00-GN-0K1-50-67-YARIM-AY-1.pdf\" target=\"_blank\" rel=\"noopener\"><strong>Datasheet<\/strong><\/a><\/td>\n<td><strong>Ldt.<\/strong><\/td>\n<\/tr>\n<\/tbody>\n<\/table>\n<p>&nbsp;<\/p>\n<\/div>","protected":false},"excerpt":{"rendered":"<p><strong>M\u0130CRO SPOT EFEKT<\/strong><\/p>\n<div class=\"col-lg-6 col-md-6 col-xs-12 fiyat-row adet-hiza urun-detay-sepet-button\" style=\"margin-bottom: 0px;\">\n<div class=\"urun-butons\"><a class=\"urun-detay-butons\" style=\"width: 97%;\" href=\"tel:+90 505 604 16 83\"><br \/>\n<i class=\"fa fa-phone\"><\/i> TIKLA ARA<br \/>\n<\/a><\/div>\n<\/div>","protected":false},"featured_media":328,"comment_status":"closed","ping_status":"closed","template":"","meta":[],"product_cat":[30,19,23],"product_tag":[],"class_list":["post-326","product","type-product","status-publish","has-post-thumbnail","hentry","product_cat-cephe-aydinlatma1","product_cat-gomme-1","product_cat-peyzaj-cephe-aydinlatma1"],"_links":{"self":[{"href":"https:\/\/www.emyteknik.com\/en\/wp-json\/wp\/v2\/product\/326","targetHints":{"allow":["GET"]}}],"collection":[{"href":"https:\/\/www.emyteknik.com\/en\/wp-json\/wp\/v2\/product"}],"about":[{"href":"https:\/\/www.emyteknik.com\/en\/wp-json\/wp\/v2\/types\/product"}],"replies":[{"embeddable":true,"href":"https:\/\/www.emyteknik.com\/en\/wp-json\/wp\/v2\/comments?post=326"}],"wp:featuredmedia":[{"embeddable":true,"href":"https:\/\/www.emyteknik.com\/en\/wp-json\/wp\/v2\/media\/328"}],"wp:attachment":[{"href":"https:\/\/www.emyteknik.com\/en\/wp-json\/wp\/v2\/media?parent=326"}],"wp:term":[{"taxonomy":"product_cat","embeddable":true,"href":"https:\/\/www.emyteknik.com\/en\/wp-json\/wp\/v2\/product_cat?post=326"},{"taxonomy":"product_tag","embeddable":true,"href":"https:\/\/www.emyteknik.com\/en\/wp-json\/wp\/v2\/product_tag?post=326"}],"curies":[{"name":"wp","href":"https:\/\/api.w.org\/{rel}","templated":true}]}}