{"id":280,"date":"2023-12-13T15:21:42","date_gmt":"2023-12-13T12:21:42","guid":{"rendered":"https:\/\/emyteknik.com\/?post_type=product&#038;p=280"},"modified":"2024-02-23T09:49:31","modified_gmt":"2024-02-23T06:49:31","slug":"em-trini","status":"publish","type":"product","link":"https:\/\/www.emyteknik.com\/en\/product\/em-trini\/","title":{"rendered":"EM-TRINI"},"content":{"rendered":"<div style=\"overflow-x: auto;\">\n<table class=\"table table-borderless\">\n<thead>\n<tr>\n<th><strong>Sipari\u015f Kodu<\/strong><\/th>\n<th><strong>\u00dcr\u00fcn A\u00e7\u0131klamas\u0131<\/strong><\/th>\n<th><strong>\u00dcr\u00fcn Kodu<\/strong><\/th>\n<th><strong>\u015eartname<\/strong><\/th>\n<th><strong>Datasheet<\/strong><\/th>\n<th><strong>Ldt.<\/strong><\/th>\n<\/tr>\n<\/thead>\n<tbody>\n<tr>\n<td><\/td>\n<th scope=\"row\">EM-TRINI<\/th>\n<td>EAH.112 \/EAH.112-2 \/EAH.112-3<\/td>\n<td>\u015eartname<\/td>\n<td><a href=\"https:\/\/emyteknik.com\/wp-content\/uploads\/2023\/12\/q25.pdf\"><strong>Datasheet<\/strong><\/a><\/td>\n<td><strong>Ldt.<\/strong><\/td>\n<\/tr>\n<\/tbody>\n<\/table>\n<\/div>","protected":false},"excerpt":{"rendered":"<p><strong>EM-TRINI<\/strong><\/p>\n<div class=\"col-lg-6 col-md-6 col-xs-12 fiyat-row adet-hiza urun-detay-sepet-button\" style=\"margin-bottom: 0px;\">\n<div class=\"urun-butons\"><a class=\"urun-detay-butons\" style=\"width: 97%;\" href=\"tel:+90 505 604 16 83\"><br \/>\n<i class=\"fa fa-phone\"><\/i> TIKLA ARA<br \/>\n<\/a><\/div>\n<\/div>","protected":false},"featured_media":282,"comment_status":"closed","ping_status":"closed","template":"","meta":[],"product_cat":[15,27,17],"product_tag":[],"class_list":["post-280","product","type-product","status-publish","has-post-thumbnail","hentry","product_cat-downlight-1","product_cat-siva-alti1","product_cat-spot-1"],"_links":{"self":[{"href":"https:\/\/www.emyteknik.com\/en\/wp-json\/wp\/v2\/product\/280","targetHints":{"allow":["GET"]}}],"collection":[{"href":"https:\/\/www.emyteknik.com\/en\/wp-json\/wp\/v2\/product"}],"about":[{"href":"https:\/\/www.emyteknik.com\/en\/wp-json\/wp\/v2\/types\/product"}],"replies":[{"embeddable":true,"href":"https:\/\/www.emyteknik.com\/en\/wp-json\/wp\/v2\/comments?post=280"}],"wp:featuredmedia":[{"embeddable":true,"href":"https:\/\/www.emyteknik.com\/en\/wp-json\/wp\/v2\/media\/282"}],"wp:attachment":[{"href":"https:\/\/www.emyteknik.com\/en\/wp-json\/wp\/v2\/media?parent=280"}],"wp:term":[{"taxonomy":"product_cat","embeddable":true,"href":"https:\/\/www.emyteknik.com\/en\/wp-json\/wp\/v2\/product_cat?post=280"},{"taxonomy":"product_tag","embeddable":true,"href":"https:\/\/www.emyteknik.com\/en\/wp-json\/wp\/v2\/product_tag?post=280"}],"curies":[{"name":"wp","href":"https:\/\/api.w.org\/{rel}","templated":true}]}}