{"id":229,"date":"2023-12-13T10:48:40","date_gmt":"2023-12-13T07:48:40","guid":{"rendered":"https:\/\/emyteknik.com\/?post_type=product&#038;p=229"},"modified":"2024-12-19T19:16:14","modified_gmt":"2024-12-19T16:16:14","slug":"etanj-120-cm","status":"publish","type":"product","link":"https:\/\/www.emyteknik.com\/en\/product\/etanj-120-cm\/","title":{"rendered":"ETANJ 120 CM"},"content":{"rendered":"<div style=\"overflow-x: auto;\">\n<table class=\"table table-borderless\">\n<thead>\n<tr>\n<th><strong>Sipari\u015f Kodu<\/strong><\/th>\n<th><strong>\u00dcr\u00fcn A\u00e7\u0131klamas\u0131<\/strong><\/th>\n<th><strong>\u00dcr\u00fcn Kodu<\/strong><\/th>\n<th><strong>\u015eartname<\/strong><\/th>\n<th><strong>Datasheet<\/strong><\/th>\n<th><strong>Ldt.<\/strong><\/th>\n<\/tr>\n<\/thead>\n<tbody>\n<tr>\n<td><\/td>\n<th scope=\"row\">ETANJ<\/th>\n<td>ETANJ 030W 3K5LM GNS 4000<\/td>\n<td>\u015eartname<\/td>\n<td><a href=\"https:\/\/emyteknik.com\/wp-content\/uploads\/2023\/12\/q14.pdf\"><strong>Datasheet<\/strong><\/a><\/td>\n<td><strong>Ldt.<\/strong><\/td>\n<\/tr>\n<tr>\n<td><\/td>\n<th scope=\"row\">ETANJ<\/th>\n<td>A ETJ 040U 40OD00 4K0 120 65 SL<\/td>\n<td>\u015eartname<\/td>\n<td><a href=\"https:\/\/www.emyteknik.com\/wp-content\/uploads\/2024\/09\/A-ETJ-040U-40OD00-4K0-120-65-SL.pdf\"><strong>Datasheet<\/strong><\/a><\/td>\n<td><strong>Ldt.<\/strong><\/td>\n<\/tr>\n<tr>\n<td><\/td>\n<th scope=\"row\">ETANJ<\/th>\n<td>A ETJ 035U 40OD00 4K2 1160 65 ALM-D<\/td>\n<td>\u015eartname<\/td>\n<td><a href=\"https:\/\/www.emyteknik.com\/wp-content\/uploads\/2024\/12\/A-ETJ-035U-40OD00-4K2-1160-65-ALM-D.pdf\"><strong>Datasheet<\/strong><\/a><\/td>\n<td><strong>Ldt.<\/strong><\/td>\n<\/tr>\n<\/tbody>\n<\/table>\n<\/div>","protected":false},"excerpt":{"rendered":"<p><strong>ETANJ 120 CM<\/strong><\/p>\n<div class=\"col-lg-6 col-md-6 col-xs-12 fiyat-row adet-hiza urun-detay-sepet-button\" style=\"margin-bottom: 0px;\">\n<div class=\"urun-butons\"><a class=\"urun-detay-butons\" style=\"width: 97%;\" href=\"tel:+90 505 604 16 83\"><br \/>\n<i class=\"fa fa-phone\"><\/i> TIKLA ARA<br \/>\n<\/a><\/div>\n<\/div>","protected":false},"featured_media":231,"comment_status":"closed","ping_status":"closed","template":"","meta":[],"product_cat":[16],"product_tag":[],"class_list":["post-229","product","type-product","status-publish","has-post-thumbnail","hentry","product_cat-lineer-1"],"_links":{"self":[{"href":"https:\/\/www.emyteknik.com\/en\/wp-json\/wp\/v2\/product\/229","targetHints":{"allow":["GET"]}}],"collection":[{"href":"https:\/\/www.emyteknik.com\/en\/wp-json\/wp\/v2\/product"}],"about":[{"href":"https:\/\/www.emyteknik.com\/en\/wp-json\/wp\/v2\/types\/product"}],"replies":[{"embeddable":true,"href":"https:\/\/www.emyteknik.com\/en\/wp-json\/wp\/v2\/comments?post=229"}],"wp:featuredmedia":[{"embeddable":true,"href":"https:\/\/www.emyteknik.com\/en\/wp-json\/wp\/v2\/media\/231"}],"wp:attachment":[{"href":"https:\/\/www.emyteknik.com\/en\/wp-json\/wp\/v2\/media?parent=229"}],"wp:term":[{"taxonomy":"product_cat","embeddable":true,"href":"https:\/\/www.emyteknik.com\/en\/wp-json\/wp\/v2\/product_cat?post=229"},{"taxonomy":"product_tag","embeddable":true,"href":"https:\/\/www.emyteknik.com\/en\/wp-json\/wp\/v2\/product_tag?post=229"}],"curies":[{"name":"wp","href":"https:\/\/api.w.org\/{rel}","templated":true}]}}