{"id":1631,"date":"2025-04-11T15:38:21","date_gmt":"2025-04-11T12:38:21","guid":{"rendered":"https:\/\/www.emyteknik.com\/?post_type=product&#038;p=1631"},"modified":"2025-05-07T10:57:36","modified_gmt":"2025-05-07T07:57:36","slug":"urun-1","status":"publish","type":"product","link":"https:\/\/www.emyteknik.com\/en\/product\/urun-1\/","title":{"rendered":"\u0130ron Glow IP67 Y\u00dcKSEK DAYANIMLI ZEM\u0130N ARMAT\u00dcR\u00dc"},"content":{"rendered":"<div style=\"overflow-x: auto;\">\n<table class=\"table table-borderless\">\n<thead>\n<tr>\n<th><strong>Sipari\u015f Kodu<\/strong><\/th>\n<th><strong>\u00dcr\u00fcn A\u00e7\u0131klamas\u0131<\/strong><\/th>\n<th><strong>\u00dcr\u00fcn Kodu<\/strong><\/th>\n<th><strong>\u015eartname<\/strong><\/th>\n<th><strong>Datasheet<\/strong><\/th>\n<th><strong>Ldt.<\/strong><\/th>\n<\/tr>\n<\/thead>\n<tbody>\n<tr>\n<th scope=\"row\"><\/th>\n<td>D\u00d6RT Y\u00d6N ZEM\u0130NE MONTE 9W IP67<\/td>\n<td>E IRN 009Y 40OD00 TY 360 67 D\u00d6RT Y\u00d6N<\/td>\n<td><\/td>\n<td><a href=\"https:\/\/www.emyteknik.com\/wp-content\/uploads\/2025\/05\/E-IRN-009Y-40OD00-TY-360-67-DORT-YON.pdf\" target=\"_blank\" rel=\"noopener\">Datasheet<\/a><\/td>\n<td><\/td>\n<\/tr>\n<tr>\n<th scope=\"row\"><\/th>\n<td>\u00a0\u00c7\u0130FT Y\u00d6N ZEM\u0130NE MONTE 9W IP67<\/td>\n<td>E IRN 009Y 40OD00 TY 360 67 \u00c7\u0130FT Y\u00d6N<\/td>\n<td><\/td>\n<td><a href=\"https:\/\/www.emyteknik.com\/wp-content\/uploads\/2025\/05\/E-IRN-009Y-40OD00-TY-360-67-CIFT-YON.pdf\" target=\"_blank\" rel=\"noopener\">Datasheet<\/a><\/td>\n<td><\/td>\n<\/tr>\n<tr>\n<th scope=\"row\"><\/th>\n<td>TEK Y\u00d6N ZEM\u0130NE MONTE 9W IP67<\/td>\n<td>E IRN 009Y 40OD00 TY 360 67 TEK Y\u00d6N<\/td>\n<td><\/td>\n<td><a href=\"https:\/\/www.emyteknik.com\/wp-content\/uploads\/2025\/05\/E-IRN-009Y-40OD00-TY-360-67-TEK-YON.pdf\" target=\"_blank\" rel=\"noopener\">Datasheet<\/a><\/td>\n<td><\/td>\n<\/tr>\n<tr>\n<th scope=\"row\"><\/th>\n<td><\/td>\n<td><\/td>\n<td><\/td>\n<td><\/td>\n<td><\/td>\n<\/tr>\n<\/tbody>\n<\/table>\n<\/div>","protected":false},"excerpt":{"rendered":"<p>\u0130ron Glow IP67<\/p>\n<p>&nbsp;<\/p>\n<div class=\"col-lg-6 col-md-6 col-xs-12 fiyat-row adet-hiza urun-detay-sepet-button\" style=\"margin-bottom: 0px;\">\n<div class=\"urun-butons\"><a class=\"urun-detay-butons\" style=\"width: 97%;\" href=\"tel:+90 505 604 16 83\"><br \/>\n<i class=\"fa fa-phone\"><\/i> TIKLA ARA<br \/>\n<\/a><\/div>\n<\/div>","protected":false},"featured_media":1657,"comment_status":"closed","ping_status":"closed","template":"","meta":[],"product_cat":[30,61,23,75],"product_tag":[],"class_list":["post-1631","product","type-product","status-publish","has-post-thumbnail","hentry","product_cat-cephe-aydinlatma1","product_cat-cephe-aydinlatma-en","product_cat-peyzaj-cephe-aydinlatma1","product_cat-peyzaj-cephe-aydinlatma-en"],"_links":{"self":[{"href":"https:\/\/www.emyteknik.com\/en\/wp-json\/wp\/v2\/product\/1631","targetHints":{"allow":["GET"]}}],"collection":[{"href":"https:\/\/www.emyteknik.com\/en\/wp-json\/wp\/v2\/product"}],"about":[{"href":"https:\/\/www.emyteknik.com\/en\/wp-json\/wp\/v2\/types\/product"}],"replies":[{"embeddable":true,"href":"https:\/\/www.emyteknik.com\/en\/wp-json\/wp\/v2\/comments?post=1631"}],"wp:featuredmedia":[{"embeddable":true,"href":"https:\/\/www.emyteknik.com\/en\/wp-json\/wp\/v2\/media\/1657"}],"wp:attachment":[{"href":"https:\/\/www.emyteknik.com\/en\/wp-json\/wp\/v2\/media?parent=1631"}],"wp:term":[{"taxonomy":"product_cat","embeddable":true,"href":"https:\/\/www.emyteknik.com\/en\/wp-json\/wp\/v2\/product_cat?post=1631"},{"taxonomy":"product_tag","embeddable":true,"href":"https:\/\/www.emyteknik.com\/en\/wp-json\/wp\/v2\/product_tag?post=1631"}],"curies":[{"name":"wp","href":"https:\/\/api.w.org\/{rel}","templated":true}]}}