{"id":1589,"date":"2024-12-11T16:36:35","date_gmt":"2024-12-11T13:36:35","guid":{"rendered":"https:\/\/www.emyteknik.com\/?post_type=product&#038;p=1589"},"modified":"2024-12-11T16:47:01","modified_gmt":"2024-12-11T13:47:01","slug":"ip-bar-copy","status":"publish","type":"product","link":"https:\/\/www.emyteknik.com\/en\/product\/ip-bar-copy\/","title":{"rendered":"IP BAR"},"content":{"rendered":"<div style=\"overflow-x: auto;\">\n<table class=\"table table-borderless\">\n<thead>\n<tr>\n<th><strong>Sipari\u015f Kodu<\/strong><\/th>\n<th><strong>\u00dcr\u00fcn A\u00e7\u0131klamas\u0131<\/strong><\/th>\n<th><strong>\u00dcr\u00fcn Kodu<\/strong><\/th>\n<th><strong>\u015eartname<\/strong><\/th>\n<th><strong>Datasheet<\/strong><\/th>\n<th><strong>Ldt.<\/strong><\/th>\n<\/tr>\n<\/thead>\n<tbody>\n<tr>\n<th scope=\"row\"><\/th>\n<td>002,5W L\u0130NEER IP BAR<\/td>\n<td>E IPB 002,5B 40OD00 GN 0K2 25 67<\/td>\n<td><\/td>\n<td><a href=\"https:\/\/www.emyteknik.com\/wp-content\/uploads\/2024\/06\/E-IPB-0025B-40OD00-GN-0K2-25-67.pdf\" target=\"_blank\" rel=\"noopener\">Datasheet<\/a><\/td>\n<td><\/td>\n<\/tr>\n<tr>\n<th scope=\"row\"><\/th>\n<td>005W L\u0130NEER IP BAR<\/td>\n<td>E IPB 005B 40OD00 GN 0K4 50 67<\/td>\n<td><\/td>\n<td><a href=\"https:\/\/www.emyteknik.com\/wp-content\/uploads\/2024\/06\/E-IPB-005B-40OD00-GN-0K4-50-67.pdf\" target=\"_blank\" rel=\"noopener\">Datasheet<\/a><\/td>\n<td><\/td>\n<\/tr>\n<tr>\n<th scope=\"row\"><\/th>\n<td>006W L\u0130NEER IP BAR<\/td>\n<td>E IPB 006B 40OD00 GN 0K4 62,5 67<\/td>\n<td><\/td>\n<td><a href=\"https:\/\/www.emyteknik.com\/wp-content\/uploads\/2024\/06\/E-IPB-006B-40OD00-GN-0K4-625-67.pdf\" target=\"_blank\" rel=\"noopener\">Datasheet<\/a><\/td>\n<td><\/td>\n<\/tr>\n<tr>\n<th scope=\"row\"><\/th>\n<td>007W L\u0130NEER IP BAR<\/td>\n<td>E IPB 007B 40OD00 GN 0K5 75 67<\/td>\n<td><\/td>\n<td><a href=\"https:\/\/www.emyteknik.com\/wp-content\/uploads\/2024\/06\/E-IPB-007B-40OD00-GN-0K5-75-67.pdf\" target=\"_blank\" rel=\"noopener\">Datasheet<\/a><\/td>\n<td><\/td>\n<\/tr>\n<tr>\n<th scope=\"row\"><\/th>\n<td>008W L\u0130NEER IP BAR<\/td>\n<td>E IPB 008B 40OD00 GN 0K6 87,5 67<\/td>\n<td><\/td>\n<td><a href=\"https:\/\/www.emyteknik.com\/wp-content\/uploads\/2024\/06\/E-IPB-008B-40OD00-GN-0K6-875-67.pdf\" target=\"_blank\" rel=\"noopener\">Datasheet<\/a><\/td>\n<td><\/td>\n<\/tr>\n<tr>\n<th scope=\"row\"><\/th>\n<td>010W L\u0130NEER IP BAR<\/td>\n<td>E IPB 010B 40OD00 GN 0K8 100 67<\/td>\n<td><\/td>\n<td><a href=\"https:\/\/www.emyteknik.com\/wp-content\/uploads\/2024\/06\/E-IPB-010B-40OD00-GN-0K8-100-67.pdf\" target=\"_blank\" rel=\"noopener\">Datasheet<\/a><\/td>\n<td><\/td>\n<\/tr>\n<tr>\n<th scope=\"row\"><\/th>\n<td>011W L\u0130NEER IP BAR<\/td>\n<td>E IPB 011B 40OD00 GN 0K8 112,5 67<\/td>\n<td><\/td>\n<td><a href=\"https:\/\/www.emyteknik.com\/wp-content\/uploads\/2024\/06\/E-IPB-011B-40OD00-GN-0K8-1125-67.pdf\" target=\"_blank\" rel=\"noopener\">Datasheet<\/a><\/td>\n<td><\/td>\n<\/tr>\n<tr>\n<th scope=\"row\"><\/th>\n<td>012W L\u0130NEER IP BAR<\/td>\n<td>E IPB 012B 40OD00 GN 1K0 125 67<\/td>\n<td><\/td>\n<td><a href=\"https:\/\/www.emyteknik.com\/wp-content\/uploads\/2024\/06\/E-IPB-012B-40OD00-GN-1K0-125-67.pdf\" target=\"_blank\" rel=\"noopener\">Datasheet<\/a><\/td>\n<td><\/td>\n<\/tr>\n<tr>\n<th scope=\"row\"><\/th>\n<td>013W L\u0130NEER IP BAR<\/td>\n<td>E IPB 013B 40OD00 GN 1K0 137,5 67<\/td>\n<td><\/td>\n<td><a href=\"https:\/\/www.emyteknik.com\/wp-content\/uploads\/2024\/06\/E-IPB-013B-40OD00-GN-1K0-1375-67.pdf\" target=\"_blank\" rel=\"noopener\">Datasheet<\/a><\/td>\n<td><\/td>\n<\/tr>\n<tr>\n<th scope=\"row\"><\/th>\n<td>015W L\u0130NEER IP BAR<\/td>\n<td>E IPB 015B 40OD00 GN 1K2 150 67<\/td>\n<td><\/td>\n<td><a href=\"https:\/\/www.emyteknik.com\/wp-content\/uploads\/2024\/06\/E-IPB-015B-40OD00-GN-1K2-150-67.pdf\" target=\"_blank\" rel=\"noopener\">Datasheet<\/a><\/td>\n<td><\/td>\n<\/tr>\n<tr>\n<th scope=\"row\"><\/th>\n<td>016W L\u0130NEER IP BAR<\/td>\n<td>E IPB 016B 40OD00 GN 1K2 162.5 67<\/td>\n<td><\/td>\n<td><a href=\"https:\/\/www.emyteknik.com\/wp-content\/uploads\/2024\/06\/E-IPB-016B-40OD00-GN-1K2-162.5-67.pdf\" target=\"_blank\" rel=\"noopener\">Datasheet<\/a><\/td>\n<td><\/td>\n<\/tr>\n<tr>\n<th scope=\"row\"><\/th>\n<td>017W L\u0130NEER IP BAR<\/td>\n<td>E IPB 017B 40OD00 GN 1K3 175 67<\/td>\n<td><\/td>\n<td><a href=\"https:\/\/www.emyteknik.com\/wp-content\/uploads\/2024\/06\/E-IPB-017B-40OD00-GN-1K3-175-67.pdf\" target=\"_blank\" rel=\"noopener\">Datasheet<\/a><\/td>\n<td><\/td>\n<\/tr>\n<tr>\n<th scope=\"row\"><\/th>\n<td>018W L\u0130NEER IP BAR<\/td>\n<td>E IPB 018B 40OD00 GN 1K4 187,5 67<\/td>\n<td><\/td>\n<td><a href=\"https:\/\/www.emyteknik.com\/wp-content\/uploads\/2024\/06\/E-IPB-018B-40OD00-GN-1K4-1875-67.pdf\" target=\"_blank\" rel=\"noopener\">Datasheet<\/a><\/td>\n<td><\/td>\n<\/tr>\n<tr>\n<th scope=\"row\"><\/th>\n<td>020W L\u0130NEER IP BAR<\/td>\n<td>E IPB 020B 40OD00 GN 1K6 200 67<\/td>\n<td><\/td>\n<td><a href=\"https:\/\/www.emyteknik.com\/wp-content\/uploads\/2024\/06\/E-IPB-020B-40OD00-GN-1K6-200-67.pdf\" target=\"_blank\" rel=\"noopener\">Datasheet<\/a><\/td>\n<td><\/td>\n<\/tr>\n<\/tbody>\n<\/table>\n<\/div>","protected":false},"excerpt":{"rendered":"<p><strong>IP BAR<\/strong><\/p>\n<div class=\"col-lg-6 col-md-6 col-xs-12 fiyat-row adet-hiza urun-detay-sepet-button\" style=\"margin-bottom: 0px;\">\n<div class=\"urun-butons\"><a class=\"urun-detay-butons\" style=\"width: 97%;\" href=\"tel:+90 505 604 16 83\"><br \/>\n<i class=\"fa fa-phone\"><\/i> TIKLA ARA<br \/>\n<\/a><\/div>\n<\/div>","protected":false},"featured_media":1588,"comment_status":"closed","ping_status":"closed","template":"","meta":[],"product_cat":[30,29],"product_tag":[],"class_list":["post-1589","product","type-product","status-publish","has-post-thumbnail","hentry","product_cat-cephe-aydinlatma1","product_cat-gizli-aydinlatma1"],"_links":{"self":[{"href":"https:\/\/www.emyteknik.com\/en\/wp-json\/wp\/v2\/product\/1589","targetHints":{"allow":["GET"]}}],"collection":[{"href":"https:\/\/www.emyteknik.com\/en\/wp-json\/wp\/v2\/product"}],"about":[{"href":"https:\/\/www.emyteknik.com\/en\/wp-json\/wp\/v2\/types\/product"}],"replies":[{"embeddable":true,"href":"https:\/\/www.emyteknik.com\/en\/wp-json\/wp\/v2\/comments?post=1589"}],"wp:featuredmedia":[{"embeddable":true,"href":"https:\/\/www.emyteknik.com\/en\/wp-json\/wp\/v2\/media\/1588"}],"wp:attachment":[{"href":"https:\/\/www.emyteknik.com\/en\/wp-json\/wp\/v2\/media?parent=1589"}],"wp:term":[{"taxonomy":"product_cat","embeddable":true,"href":"https:\/\/www.emyteknik.com\/en\/wp-json\/wp\/v2\/product_cat?post=1589"},{"taxonomy":"product_tag","embeddable":true,"href":"https:\/\/www.emyteknik.com\/en\/wp-json\/wp\/v2\/product_tag?post=1589"}],"curies":[{"name":"wp","href":"https:\/\/api.w.org\/{rel}","templated":true}]}}