{"id":1494,"date":"2024-08-17T00:21:33","date_gmt":"2024-08-16T21:21:33","guid":{"rendered":"https:\/\/www.emyteknik.com\/?post_type=product&#038;p=1494"},"modified":"2024-08-17T00:41:45","modified_gmt":"2024-08-16T21:41:45","slug":"etanj-60-cm-kopya","status":"publish","type":"product","link":"https:\/\/www.emyteknik.com\/en\/product\/etanj-60-cm-kopya\/","title":{"rendered":"GIDAYA UYGUN IP66 IK10 -40 \/ +55"},"content":{"rendered":"<div style=\"overflow-x: auto;\">\n<table class=\"table table-borderless\">\n<thead>\n<tr>\n<th><strong>Sipari\u015f Kodu<\/strong><\/th>\n<th><strong>\u00dcr\u00fcn A\u00e7\u0131klamas\u0131<\/strong><\/th>\n<th><strong>\u00dcr\u00fcn Kodu<\/strong><\/th>\n<th><strong>\u015eartname<\/strong><\/th>\n<th><strong>Datasheet<\/strong><\/th>\n<th><strong>Ldt.<\/strong><\/th>\n<\/tr>\n<\/thead>\n<tbody>\n<tr>\n<td><\/td>\n<th scope=\"row\">IP66 IK10 -40 \/ +55 GIDAYA UYGUN<\/th>\n<td>A KHE 027U 40OD00 4K0 138 66-KHE 1.2 40-840 ET PC HT<\/td>\n<td>\u015eartname<\/td>\n<td><a href=\"https:\/\/www.emyteknik.com\/wp-content\/uploads\/2024\/08\/ZALUX_datasheet_KE_230224.pdf\"><strong>Datasheet<\/strong><\/a><\/td>\n<td><strong>Ldt.<\/strong><\/td>\n<\/tr>\n<\/tbody>\n<\/table>\n<\/div>","protected":false},"excerpt":{"rendered":"<p><strong>GIDAYA UYGUN IP66 IK10 -40 \/ +55<\/strong><\/p>\n<p>ENEC SERT\u0130F\u0130KA<\/p>\n<p>IECEE SERT\u0130F\u0130KA<\/p>\n<p>GIDA UYGUNLUK BEYANI<\/p>\n<div class=\"col-lg-6 col-md-6 col-xs-12 fiyat-row adet-hiza urun-detay-sepet-button\" style=\"margin-bottom: 0px;\">\n<div class=\"urun-butons\"><a class=\"urun-detay-butons\" style=\"width: 97%;\" href=\"tel:+90 505 604 16 83\"><br \/>\n<i class=\"fa fa-phone\"><\/i> TIKLA ARA<br \/>\n<\/a><\/div>\n<\/div>","protected":false},"featured_media":1493,"comment_status":"closed","ping_status":"closed","template":"","meta":[],"product_cat":[16,72],"product_tag":[],"class_list":["post-1494","product","type-product","status-publish","has-post-thumbnail","hentry","product_cat-lineer-1","product_cat-lineer-en"],"_links":{"self":[{"href":"https:\/\/www.emyteknik.com\/en\/wp-json\/wp\/v2\/product\/1494","targetHints":{"allow":["GET"]}}],"collection":[{"href":"https:\/\/www.emyteknik.com\/en\/wp-json\/wp\/v2\/product"}],"about":[{"href":"https:\/\/www.emyteknik.com\/en\/wp-json\/wp\/v2\/types\/product"}],"replies":[{"embeddable":true,"href":"https:\/\/www.emyteknik.com\/en\/wp-json\/wp\/v2\/comments?post=1494"}],"wp:featuredmedia":[{"embeddable":true,"href":"https:\/\/www.emyteknik.com\/en\/wp-json\/wp\/v2\/media\/1493"}],"wp:attachment":[{"href":"https:\/\/www.emyteknik.com\/en\/wp-json\/wp\/v2\/media?parent=1494"}],"wp:term":[{"taxonomy":"product_cat","embeddable":true,"href":"https:\/\/www.emyteknik.com\/en\/wp-json\/wp\/v2\/product_cat?post=1494"},{"taxonomy":"product_tag","embeddable":true,"href":"https:\/\/www.emyteknik.com\/en\/wp-json\/wp\/v2\/product_tag?post=1494"}],"curies":[{"name":"wp","href":"https:\/\/api.w.org\/{rel}","templated":true}]}}