{"id":1379,"date":"2024-04-24T17:11:24","date_gmt":"2024-04-24T14:11:24","guid":{"rendered":"https:\/\/www.emyteknik.com\/?post_type=product&#038;p=1379"},"modified":"2024-06-07T17:28:23","modified_gmt":"2024-06-07T14:28:23","slug":"yta-10","status":"publish","type":"product","link":"https:\/\/www.emyteknik.com\/en\/product\/yta-10\/","title":{"rendered":"YTA-PD Prizmatik Dif\u00fcz\u00f6r"},"content":{"rendered":"<div style=\"overflow-x: auto;\">\n<table class=\"table table-borderless\">\n<thead>\n<tr>\n<th><strong>Sipari\u015f Kodu<\/strong><\/th>\n<th><strong>\u00dcr\u00fcn A\u00e7\u0131klamas\u0131<\/strong><\/th>\n<th><strong>\u00dcr\u00fcn Kodu<\/strong><\/th>\n<th><strong>\u015eartname<\/strong><\/th>\n<th><strong>Datasheet<\/strong><\/th>\n<th><strong>Ldt.<\/strong><\/th>\n<\/tr>\n<\/thead>\n<tbody>\n<tr>\n<th scope=\"row\"><\/th>\n<td>81W Y\u00dcKSEK TAVAN AYD.<\/td>\n<td>E YTA 081U 40PD00 90 10K6 442 65<\/td>\n<td><\/td>\n<td><a href=\"https:\/\/www.emyteknik.com\/wp-content\/uploads\/2024\/06\/E-YTA-081U-40PD00-90-10K6-442-65-1.pdf\" target=\"_blank\" rel=\"noopener\">Datasheet<\/a><\/td>\n<td><a href=\"https:\/\/www.emyteknik.com\/wp-content\/uploads\/2024\/06\/81W90D.ldt\" target=\"_blank\" rel=\"noopener\">Ldt<\/a><\/td>\n<\/tr>\n<tr>\n<th scope=\"row\"><\/th>\n<td>119W Y\u00dcKSEK TAVAN AYD.<\/td>\n<td>E YTA 119U 40PD00 90 15K4 442 65<\/td>\n<td><\/td>\n<td><a href=\"https:\/\/www.emyteknik.com\/wp-content\/uploads\/2024\/06\/E-YTA-119U-40PD00-90-15K4-442-65-1.pdf\" target=\"_blank\" rel=\"noopener\">Datasheet<\/a><\/td>\n<td><a href=\"https:\/\/www.emyteknik.com\/wp-content\/uploads\/2024\/06\/119W90D.ldt\" target=\"_blank\" rel=\"noopener\">Ldt<\/a><\/td>\n<\/tr>\n<tr>\n<th scope=\"row\"><\/th>\n<td>141W Y\u00dcKSEK TAVAN AYD.<\/td>\n<td>E YTA 141U 40PD00 90 18K6 642 65<\/td>\n<td><\/td>\n<td><a href=\"https:\/\/www.emyteknik.com\/wp-content\/uploads\/2024\/06\/E-YTA-141U-40PD00-90-18K6-642-65-1.pdf\" target=\"_blank\" rel=\"noopener\">Datasheet<\/a><\/td>\n<td><a href=\"https:\/\/www.emyteknik.com\/wp-content\/uploads\/2024\/06\/141W90D.ldt\" target=\"_blank\" rel=\"noopener\">Ldt<\/a><\/td>\n<\/tr>\n<tr>\n<th scope=\"row\"><\/th>\n<td>162W Y\u00dcKSEK TAVAN AYD.<\/td>\n<td>E YTA 162U 40PD00 90 21K3 842 65<\/td>\n<td><\/td>\n<td><a href=\"https:\/\/www.emyteknik.com\/wp-content\/uploads\/2024\/06\/E-YTA-162U-40PD00-90-21K3-842-65-1.pdf\" target=\"_blank\" rel=\"noopener\">Datasheet<\/a><\/td>\n<td><a href=\"https:\/\/www.emyteknik.com\/wp-content\/uploads\/2024\/06\/162W90D.ldt\" target=\"_blank\" rel=\"noopener\">Ldt<\/a><\/td>\n<\/tr>\n<tr>\n<th scope=\"row\"><\/th>\n<td>187W Y\u00dcKSEK TAVAN AYD.<\/td>\n<td>E YTA 187U 40PD00 90 24K6 1042 65<\/td>\n<td><\/td>\n<td><a href=\"https:\/\/www.emyteknik.com\/wp-content\/uploads\/2024\/06\/E-YTA-187U-40PD00-90-24K6-1042-65-1.pdf\" target=\"_blank\" rel=\"noopener\">Datasheet<\/a><\/td>\n<td><a href=\"https:\/\/www.emyteknik.com\/wp-content\/uploads\/2024\/06\/187W90D.ldt\" target=\"_blank\" rel=\"noopener\">Ldt<\/a><\/td>\n<\/tr>\n<\/tbody>\n<\/table>\n<\/div>","protected":false},"excerpt":{"rendered":"<div class=\"col-lg-6 col-md-6 col-xs-12 fiyat-row adet-hiza urun-detay-sepet-button\" style=\"margin-bottom: 0px;\">\n<div class=\"urun-butons\"><a class=\"urun-detay-butons\" style=\"width: 97%;\" href=\"tel:+90 505 604 16 83\"><br \/>\n<i class=\"fa fa-phone\"><\/i> TIKLA ARA<br \/>\n<\/a><\/div>\n<\/div>","protected":false},"featured_media":1417,"comment_status":"closed","ping_status":"closed","template":"","meta":[],"product_cat":[154,156],"product_tag":[],"class_list":["post-1379","product","type-product","status-publish","has-post-thumbnail","hentry","product_cat-yuksek-tavan-aydinlatma1","product_cat-high-bay-lighting1"],"_links":{"self":[{"href":"https:\/\/www.emyteknik.com\/en\/wp-json\/wp\/v2\/product\/1379","targetHints":{"allow":["GET"]}}],"collection":[{"href":"https:\/\/www.emyteknik.com\/en\/wp-json\/wp\/v2\/product"}],"about":[{"href":"https:\/\/www.emyteknik.com\/en\/wp-json\/wp\/v2\/types\/product"}],"replies":[{"embeddable":true,"href":"https:\/\/www.emyteknik.com\/en\/wp-json\/wp\/v2\/comments?post=1379"}],"wp:featuredmedia":[{"embeddable":true,"href":"https:\/\/www.emyteknik.com\/en\/wp-json\/wp\/v2\/media\/1417"}],"wp:attachment":[{"href":"https:\/\/www.emyteknik.com\/en\/wp-json\/wp\/v2\/media?parent=1379"}],"wp:term":[{"taxonomy":"product_cat","embeddable":true,"href":"https:\/\/www.emyteknik.com\/en\/wp-json\/wp\/v2\/product_cat?post=1379"},{"taxonomy":"product_tag","embeddable":true,"href":"https:\/\/www.emyteknik.com\/en\/wp-json\/wp\/v2\/product_tag?post=1379"}],"curies":[{"name":"wp","href":"https:\/\/api.w.org\/{rel}","templated":true}]}}